{"id":3082,"date":"2023-09-03T11:53:19","date_gmt":"2023-09-03T09:53:19","guid":{"rendered":"https:\/\/naszerelacje.pl\/?page_id=3082"},"modified":"2026-02-27T09:51:03","modified_gmt":"2026-02-27T08:51:03","slug":"terapia-par","status":"publish","type":"page","link":"https:\/\/naszerelacje.pl\/index.php\/terapia-par\/","title":{"rendered":"Terapia par"},"content":{"rendered":"\r\n<figure class=\"wp-block-image aligncenter size-medium\"><img loading=\"lazy\" decoding=\"async\" class=\"alignnone size-medium wp-image-4239\" src=\"https:\/\/naszerelacje.pl\/wp-content\/uploads\/2024\/08\/Terapia-par-Psychoterapia-Piasczeno-i-online-scaled-1-300x225.webp\" alt=\"\" width=\"300\" height=\"225\" srcset=\"https:\/\/naszerelacje.pl\/wp-content\/uploads\/2024\/08\/Terapia-par-Psychoterapia-Piasczeno-i-online-scaled-1-300x225.webp 300w, https:\/\/naszerelacje.pl\/wp-content\/uploads\/2024\/08\/Terapia-par-Psychoterapia-Piasczeno-i-online-scaled-1.webp 400w\" sizes=\"auto, (max-width: 300px) 100vw, 300px\" \/><\/figure>\r\n\r\n\r\n\r\n<h3 class=\"wp-block-heading has-text-align-center\" style=\"text-align: center;\"><a href=\"tel:888200760\">888-200-760 <\/a><\/h3>\r\n\r\n\r\n\r\n<p class=\"has-text-align-center\" style=\"text-align: center;\">Porozmawiajmy<\/p>\r\n\r\n\r\n\r\n<h2 class=\"wp-block-heading\">Podstawowe informacje<\/h2>\r\n<p><strong>Cena za sesj\u0119<\/strong>: 300 z\u0142\u00a0<\/p>\r\n<p><strong>Czas sesji<\/strong>: 50 minut<\/p>\r\n<p><strong>Gdzie<\/strong>:\u00a0Piaseczno, \u017beromskiego 9a lok. 17 lub online (Whatsapp, Signal)<\/p>\r\n<p><strong>Kiedy<\/strong>: raz na 2 tygodnie, o ustalonej porze (istnieje mo\u017cliwo\u015b\u0107 ustalenia cz\u0119stszych lub rzadszych termin\u00f3w sesji)<\/p>\r\n<p><strong>Start\/Koniec:<\/strong> Jako para decydujecie kiedy chcecie rozpocz\u0105\u0107 psychoterapi\u0119 jak r\u00f3wnie\u017c o tym, kiedy zako\u0144czy\u0107 sw\u00f3j udzia\u0142 w terapii. Je\u015bli chodzi o pocz\u0105tek psychoterapii, pierwsze spotkania maj\u0105 na celu ustalenie celu naszej pracy oraz sprawdzenie jak Wam jest ze mn\u0105 podczas spotka\u0144 i czy jestem dla Was w\u0142a\u015bciw\u0105 osob\u0105 do wsparcia w tym, czego potrzebujecie. Je\u015bli chodzi o ko\u0144czenie psychoterapii, zach\u0119cam Was do wnoszenia ch\u0119ci ko\u0144czenia terapii z wyprzedzeniem, tak by\u015bmy mogli domkn\u0105\u0107 nasz\u0105 wsp\u00f3\u0142prac\u0119, om\u00f3wi\u0107 jej efekty oraz po\u017cegna\u0107 si\u0119.<\/p>\r\n<h1 class=\"wp-block-heading has-text-align-center\">Terapia Par &#8211; Piaseczno i online<\/h1>\r\n\r\n\r\n\r\n<p>Psychoterapia par ma na celu wsparcie par w sytuacjach, takich jak: kryzys w relacji\/zwi\u0105zku, rosn\u0105ca frustracja powodowana brakiem zaspokajania potrzeb w zwi\u0105zku, podj\u0119cie wsp\u00f3lnej decyzji, poprawienie komunikacji, trudno\u015bci w obszarze seksualno\u015bci (np. brak satysfakcji z \u017cycia seksualnego, nieefektywne sposoby radzenia sobie np. poprzez unikanie seksu, pornografi\u0119). Terapi\u0119 par warto rozwa\u017cy\u0107, gdy zauwa\u017cacie, \u017ce pr\u00f3by wzajemnego porozumienia zamiast oczekiwanej ulgi, przynosz\u0105 coraz wi\u0119cej dystansu, poczucia samotno\u015bci, frustracji.<\/p>\r\n\r\n\r\n\r\n<p>Terapia par w nurcie Gestalt stawia w centrum Wasz\u0105 relacj\u0119, co ma na celu zapewnienie wsparcia i rozwoju Wam obojgu &#8211; by sprawdza\u0107 jak wzajemnie wsp\u00f3\u0142tworzycie swoj\u0105 relacj\u0119, jak wp\u0142ywacie na to, co si\u0119 wydarza, jakie macie sposoby wchodzenia w sytuacje konfliktowe i jakie sposoby na wspieranie siebie. Spos\u00f3b prowadzenia terapii b\u0119dzie zale\u017ca\u0142 od cel\u00f3w jakie chcecie osi\u0105gn\u0105\u0107. Droga ku wskazanemu celowi b\u0119dzie prowadzi\u0142a przez stworzenie warunk\u00f3w, kt\u00f3re umo\u017cliwi\u0105 wzajemne us\u0142yszenia si\u0119, zobaczenie si\u0119, pr\u00f3b\u0119 uznania wzajemnych oczekiwa\u0144 i ogranicze\u0144.<\/p>\r\n\r\n\r\n\r\n<p>Par\u0105 mo\u017ce by\u0107 dowolna dw\u00f3jka doros\u0142ych, np.: zwi\u0105zek, ma\u0142\u017ce\u0144stwo, matka i c\u00f3rka, ojciec i syn.<\/p>\r\n\r\n\r\n\r\n<p>Sesje terapii par trwaj\u0105 50 minut i odbywaj\u0105 si\u0119 co 2 tygodnie (chyba, \u017ce sytuacja wymaga zwi\u0119kszenia cz\u0119stotliwo\u015bci).<\/p>\r\n\r\n\r\n\r\n<p>Sprawd\u017amy wsp\u00f3lnie w jaki spos\u00f3b do\u015bwiadczacie problemu, z kt\u00f3rym obecnie si\u0119 mierzycie i popracujmy w kierunku, jaki uznacie dla siebie jako korzystny, w Piasecznie lub online.<\/p>\r\n\r\n\r\n\r\n<p class=\"has-text-align-center\">\u00a0<\/p>\r\n\r\n\r\n\r\n<p class=\"has-text-align-center\"><strong>Telefon kontaktowy: <a href=\"tel:888200760\">888-200-760<\/a><\/strong><\/p>\r\n\r\n\r\n\r\n<p class=\"has-text-align-center\"><strong>E-mail: <a href=\"mailto:kontakt@naszerelacje.pl\">kontakt@naszerelacje.pl<\/a><\/strong><\/p>\r\n\r\n\r\n\r\n<div class=\"wp-block-buttons is-content-justification-center is-layout-flex wp-container-core-buttons-is-layout-a89b3969 wp-block-buttons-is-layout-flex\">\r\n<div class=\"wp-block-button\"><a class=\"wp-block-button__link wp-element-button\" href=\"https:\/\/naszerelacje.pl\/index.php\/rezerwacje\/\">Um\u00f3w wizyt\u0119<\/a><\/div>\r\n<\/div>\r\n\r\n\r\n\r\n<p class=\"has-text-align-center\">Alternatywnie mo\u017cesz zostawi\u0107 namiar na siebie w poni\u017cszym formularzu. Skontaktujemy si\u0119 z Tob\u0105.<\/p>\r\n\r\n\r\n\r\n                <div class=\"ml-embedded\" data-form=\"ohLwti\"><\/div>\n            \r\n\r\n\r\n\r\n<p><\/p>","protected":false},"excerpt":{"rendered":"<p>888-200-760 Porozmawiajmy Podstawowe informacje Cena za sesj\u0119: 300 z\u0142\u00a0 Czas sesji: 50 minut Gdzie:\u00a0Piaseczno, \u017beromskiego 9a lok. 17 lub online [&hellip;]<\/p>\n","protected":false},"author":1,"featured_media":0,"parent":0,"menu_order":0,"comment_status":"closed","ping_status":"closed","template":"","meta":{"site-sidebar-layout":"default","site-content-layout":"","ast-site-content-layout":"default","site-content-style":"default","site-sidebar-style":"default","ast-global-header-display":"","ast-banner-title-visibility":"","ast-main-header-display":"","ast-hfb-above-header-display":"","ast-hfb-below-header-display":"","ast-hfb-mobile-header-display":"","site-post-title":"disabled","ast-breadcrumbs-content":"","ast-featured-img":"","footer-sml-layout":"","theme-transparent-header-meta":"default","adv-header-id-meta":"","stick-header-meta":"","header-above-stick-meta":"","header-main-stick-meta":"","header-below-stick-meta":"","astra-migrate-meta-layouts":"set","ast-page-background-enabled":"default","ast-page-background-meta":{"desktop":{"background-color":"var(--ast-global-color-4)","background-image":"","background-repeat":"repeat","background-position":"center center","background-size":"auto","background-attachment":"scroll","background-type":"","background-media":"","overlay-type":"","overlay-color":"","overlay-opacity":"","overlay-gradient":""},"tablet":{"background-color":"","background-image":"","background-repeat":"repeat","background-position":"center center","background-size":"auto","background-attachment":"scroll","background-type":"","background-media":"","overlay-type":"","overlay-color":"","overlay-opacity":"","overlay-gradient":""},"mobile":{"background-color":"","background-image":"","background-repeat":"repeat","background-position":"center center","background-size":"auto","background-attachment":"scroll","background-type":"","background-media":"","overlay-type":"","overlay-color":"","overlay-opacity":"","overlay-gradient":""}},"ast-content-background-meta":{"desktop":{"background-color":"var(--ast-global-color-5)","background-image":"","background-repeat":"repeat","background-position":"center center","background-size":"auto","background-attachment":"scroll","background-type":"","background-media":"","overlay-type":"","overlay-color":"","overlay-opacity":"","overlay-gradient":""},"tablet":{"background-color":"var(--ast-global-color-5)","background-image":"","background-repeat":"repeat","background-position":"center center","background-size":"auto","background-attachment":"scroll","background-type":"","background-media":"","overlay-type":"","overlay-color":"","overlay-opacity":"","overlay-gradient":""},"mobile":{"background-color":"var(--ast-global-color-5)","background-image":"","background-repeat":"repeat","background-position":"center center","background-size":"auto","background-attachment":"scroll","background-type":"","background-media":"","overlay-type":"","overlay-color":"","overlay-opacity":"","overlay-gradient":""}},"footnotes":"","_links_to":"","_links_to_target":""},"class_list":["post-3082","page","type-page","status-publish","hentry"],"yoast_head":"<!-- This site is optimized with the Yoast SEO plugin v27.4 - https:\/\/yoast.com\/product\/yoast-seo-wordpress\/ -->\n<title>Psychoterapia Par Piaseczno i online<\/title>\n<meta name=\"description\" content=\"Terapia par w Piasecznie i online \u2013 pomoc w kryzysie, konflikcie, braku blisko\u015bci i komunikacji. Odbudujcie zwi\u0105zek z do\u015bwiadczonym terapeut\u0105.\" \/>\n<meta name=\"robots\" content=\"index, follow, max-snippet:-1, max-image-preview:large, max-video-preview:-1\" \/>\n<link rel=\"canonical\" href=\"https:\/\/naszerelacje.pl\/index.php\/terapia-par\/\" \/>\n<meta property=\"og:locale\" content=\"pl_PL\" \/>\n<meta property=\"og:type\" content=\"article\" \/>\n<meta property=\"og:title\" content=\"Psychoterapia Par Piaseczno i online\" \/>\n<meta property=\"og:description\" content=\"Terapia par w Piasecznie i online \u2013 pomoc w kryzysie, konflikcie, braku blisko\u015bci i komunikacji. Odbudujcie zwi\u0105zek z do\u015bwiadczonym terapeut\u0105.\" \/>\n<meta property=\"og:url\" content=\"https:\/\/naszerelacje.pl\/index.php\/terapia-par\/\" \/>\n<meta property=\"og:site_name\" content=\"Psychoterapia Gestalt Piaseczno &quot;Nasze Relacje&quot;\" \/>\n<meta property=\"article:modified_time\" content=\"2026-02-27T08:51:03+00:00\" \/>\n<meta property=\"og:image\" content=\"https:\/\/naszerelacje.pl\/wp-content\/uploads\/2024\/08\/Terapia-par-Psychoterapia-Piasczeno-i-online-scaled-1.webp\" \/>\n\t<meta property=\"og:image:width\" content=\"400\" \/>\n\t<meta property=\"og:image:height\" content=\"300\" \/>\n\t<meta property=\"og:image:type\" content=\"image\/webp\" \/>\n<meta name=\"twitter:card\" content=\"summary_large_image\" \/>\n<meta name=\"twitter:label1\" content=\"Szacowany czas czytania\" \/>\n\t<meta name=\"twitter:data1\" content=\"2 minuty\" \/>\n<script type=\"application\/ld+json\" class=\"yoast-schema-graph\">{\"@context\":\"https:\\\/\\\/schema.org\",\"@graph\":[{\"@type\":\"WebPage\",\"@id\":\"https:\\\/\\\/naszerelacje.pl\\\/index.php\\\/terapia-par\\\/\",\"url\":\"https:\\\/\\\/naszerelacje.pl\\\/index.php\\\/terapia-par\\\/\",\"name\":\"Psychoterapia Par Piaseczno i online\",\"isPartOf\":{\"@id\":\"https:\\\/\\\/naszerelacje.pl\\\/#website\"},\"primaryImageOfPage\":{\"@id\":\"https:\\\/\\\/naszerelacje.pl\\\/index.php\\\/terapia-par\\\/#primaryimage\"},\"image\":{\"@id\":\"https:\\\/\\\/naszerelacje.pl\\\/index.php\\\/terapia-par\\\/#primaryimage\"},\"thumbnailUrl\":\"https:\\\/\\\/naszerelacje.pl\\\/wp-content\\\/uploads\\\/2024\\\/08\\\/Terapia-par-Psychoterapia-Piasczeno-i-online-scaled-1-300x225.webp\",\"datePublished\":\"2023-09-03T09:53:19+00:00\",\"dateModified\":\"2026-02-27T08:51:03+00:00\",\"description\":\"Terapia par w Piasecznie i online \u2013 pomoc w kryzysie, konflikcie, braku blisko\u015bci i komunikacji. Odbudujcie zwi\u0105zek z do\u015bwiadczonym terapeut\u0105.\",\"breadcrumb\":{\"@id\":\"https:\\\/\\\/naszerelacje.pl\\\/index.php\\\/terapia-par\\\/#breadcrumb\"},\"inLanguage\":\"pl-PL\",\"potentialAction\":[{\"@type\":\"ReadAction\",\"target\":[\"https:\\\/\\\/naszerelacje.pl\\\/index.php\\\/terapia-par\\\/\"]}]},{\"@type\":\"ImageObject\",\"inLanguage\":\"pl-PL\",\"@id\":\"https:\\\/\\\/naszerelacje.pl\\\/index.php\\\/terapia-par\\\/#primaryimage\",\"url\":\"https:\\\/\\\/naszerelacje.pl\\\/wp-content\\\/uploads\\\/2024\\\/08\\\/Terapia-par-Psychoterapia-Piasczeno-i-online-scaled-1.webp\",\"contentUrl\":\"https:\\\/\\\/naszerelacje.pl\\\/wp-content\\\/uploads\\\/2024\\\/08\\\/Terapia-par-Psychoterapia-Piasczeno-i-online-scaled-1.webp\",\"width\":400,\"height\":300},{\"@type\":\"BreadcrumbList\",\"@id\":\"https:\\\/\\\/naszerelacje.pl\\\/index.php\\\/terapia-par\\\/#breadcrumb\",\"itemListElement\":[{\"@type\":\"ListItem\",\"position\":1,\"name\":\"Strona g\u0142\u00f3wna\",\"item\":\"https:\\\/\\\/naszerelacje.pl\\\/\"},{\"@type\":\"ListItem\",\"position\":2,\"name\":\"Terapia par\"}]},{\"@type\":\"WebSite\",\"@id\":\"https:\\\/\\\/naszerelacje.pl\\\/#website\",\"url\":\"https:\\\/\\\/naszerelacje.pl\\\/\",\"name\":\"Psychoterapia Gestalt Piaseczno &quot;Nasze Relacje&quot;\",\"description\":\"Psychoterapia Piaseczno - prowadzona w podej\u015bciu Gestalt - w Piasecznie i online\",\"publisher\":{\"@id\":\"https:\\\/\\\/naszerelacje.pl\\\/#\\\/schema\\\/person\\\/fc787e4f854cea7a1ee70801cedef96c\"},\"potentialAction\":[{\"@type\":\"SearchAction\",\"target\":{\"@type\":\"EntryPoint\",\"urlTemplate\":\"https:\\\/\\\/naszerelacje.pl\\\/?s={search_term_string}\"},\"query-input\":{\"@type\":\"PropertyValueSpecification\",\"valueRequired\":true,\"valueName\":\"search_term_string\"}}],\"inLanguage\":\"pl-PL\"},{\"@type\":[\"Person\",\"Organization\"],\"@id\":\"https:\\\/\\\/naszerelacje.pl\\\/#\\\/schema\\\/person\\\/fc787e4f854cea7a1ee70801cedef96c\",\"name\":\"Rafa\u0142 Stolarek\",\"image\":{\"@type\":\"ImageObject\",\"inLanguage\":\"pl-PL\",\"@id\":\"https:\\\/\\\/naszerelacje.pl\\\/wp-content\\\/uploads\\\/2018\\\/07\\\/MailerLiteEdited.jpeg\",\"url\":\"https:\\\/\\\/naszerelacje.pl\\\/wp-content\\\/uploads\\\/2018\\\/07\\\/MailerLiteEdited.jpeg\",\"contentUrl\":\"https:\\\/\\\/naszerelacje.pl\\\/wp-content\\\/uploads\\\/2018\\\/07\\\/MailerLiteEdited.jpeg\",\"width\":703,\"height\":800,\"caption\":\"Rafa\u0142 Stolarek\"},\"logo\":{\"@id\":\"https:\\\/\\\/naszerelacje.pl\\\/wp-content\\\/uploads\\\/2018\\\/07\\\/MailerLiteEdited.jpeg\"},\"sameAs\":[\"http:\\\/\\\/naszerelacje.pl\"]}]}<\/script>\n<!-- \/ Yoast SEO plugin. -->","yoast_head_json":{"title":"Psychoterapia Par Piaseczno i online","description":"Terapia par w Piasecznie i online \u2013 pomoc w kryzysie, konflikcie, braku blisko\u015bci i komunikacji. Odbudujcie zwi\u0105zek z do\u015bwiadczonym terapeut\u0105.","robots":{"index":"index","follow":"follow","max-snippet":"max-snippet:-1","max-image-preview":"max-image-preview:large","max-video-preview":"max-video-preview:-1"},"canonical":"https:\/\/naszerelacje.pl\/index.php\/terapia-par\/","og_locale":"pl_PL","og_type":"article","og_title":"Psychoterapia Par Piaseczno i online","og_description":"Terapia par w Piasecznie i online \u2013 pomoc w kryzysie, konflikcie, braku blisko\u015bci i komunikacji. Odbudujcie zwi\u0105zek z do\u015bwiadczonym terapeut\u0105.","og_url":"https:\/\/naszerelacje.pl\/index.php\/terapia-par\/","og_site_name":"Psychoterapia Gestalt Piaseczno &quot;Nasze Relacje&quot;","article_modified_time":"2026-02-27T08:51:03+00:00","og_image":[{"width":400,"height":300,"url":"https:\/\/naszerelacje.pl\/wp-content\/uploads\/2024\/08\/Terapia-par-Psychoterapia-Piasczeno-i-online-scaled-1.webp","type":"image\/webp"}],"twitter_card":"summary_large_image","twitter_misc":{"Szacowany czas czytania":"2 minuty"},"schema":{"@context":"https:\/\/schema.org","@graph":[{"@type":"WebPage","@id":"https:\/\/naszerelacje.pl\/index.php\/terapia-par\/","url":"https:\/\/naszerelacje.pl\/index.php\/terapia-par\/","name":"Psychoterapia Par Piaseczno i online","isPartOf":{"@id":"https:\/\/naszerelacje.pl\/#website"},"primaryImageOfPage":{"@id":"https:\/\/naszerelacje.pl\/index.php\/terapia-par\/#primaryimage"},"image":{"@id":"https:\/\/naszerelacje.pl\/index.php\/terapia-par\/#primaryimage"},"thumbnailUrl":"https:\/\/naszerelacje.pl\/wp-content\/uploads\/2024\/08\/Terapia-par-Psychoterapia-Piasczeno-i-online-scaled-1-300x225.webp","datePublished":"2023-09-03T09:53:19+00:00","dateModified":"2026-02-27T08:51:03+00:00","description":"Terapia par w Piasecznie i online \u2013 pomoc w kryzysie, konflikcie, braku blisko\u015bci i komunikacji. Odbudujcie zwi\u0105zek z do\u015bwiadczonym terapeut\u0105.","breadcrumb":{"@id":"https:\/\/naszerelacje.pl\/index.php\/terapia-par\/#breadcrumb"},"inLanguage":"pl-PL","potentialAction":[{"@type":"ReadAction","target":["https:\/\/naszerelacje.pl\/index.php\/terapia-par\/"]}]},{"@type":"ImageObject","inLanguage":"pl-PL","@id":"https:\/\/naszerelacje.pl\/index.php\/terapia-par\/#primaryimage","url":"https:\/\/naszerelacje.pl\/wp-content\/uploads\/2024\/08\/Terapia-par-Psychoterapia-Piasczeno-i-online-scaled-1.webp","contentUrl":"https:\/\/naszerelacje.pl\/wp-content\/uploads\/2024\/08\/Terapia-par-Psychoterapia-Piasczeno-i-online-scaled-1.webp","width":400,"height":300},{"@type":"BreadcrumbList","@id":"https:\/\/naszerelacje.pl\/index.php\/terapia-par\/#breadcrumb","itemListElement":[{"@type":"ListItem","position":1,"name":"Strona g\u0142\u00f3wna","item":"https:\/\/naszerelacje.pl\/"},{"@type":"ListItem","position":2,"name":"Terapia par"}]},{"@type":"WebSite","@id":"https:\/\/naszerelacje.pl\/#website","url":"https:\/\/naszerelacje.pl\/","name":"Psychoterapia Gestalt Piaseczno &quot;Nasze Relacje&quot;","description":"Psychoterapia Piaseczno - prowadzona w podej\u015bciu Gestalt - w Piasecznie i online","publisher":{"@id":"https:\/\/naszerelacje.pl\/#\/schema\/person\/fc787e4f854cea7a1ee70801cedef96c"},"potentialAction":[{"@type":"SearchAction","target":{"@type":"EntryPoint","urlTemplate":"https:\/\/naszerelacje.pl\/?s={search_term_string}"},"query-input":{"@type":"PropertyValueSpecification","valueRequired":true,"valueName":"search_term_string"}}],"inLanguage":"pl-PL"},{"@type":["Person","Organization"],"@id":"https:\/\/naszerelacje.pl\/#\/schema\/person\/fc787e4f854cea7a1ee70801cedef96c","name":"Rafa\u0142 Stolarek","image":{"@type":"ImageObject","inLanguage":"pl-PL","@id":"https:\/\/naszerelacje.pl\/wp-content\/uploads\/2018\/07\/MailerLiteEdited.jpeg","url":"https:\/\/naszerelacje.pl\/wp-content\/uploads\/2018\/07\/MailerLiteEdited.jpeg","contentUrl":"https:\/\/naszerelacje.pl\/wp-content\/uploads\/2018\/07\/MailerLiteEdited.jpeg","width":703,"height":800,"caption":"Rafa\u0142 Stolarek"},"logo":{"@id":"https:\/\/naszerelacje.pl\/wp-content\/uploads\/2018\/07\/MailerLiteEdited.jpeg"},"sameAs":["http:\/\/naszerelacje.pl"]}]}},"_links":{"self":[{"href":"https:\/\/naszerelacje.pl\/index.php\/wp-json\/wp\/v2\/pages\/3082","targetHints":{"allow":["GET"]}}],"collection":[{"href":"https:\/\/naszerelacje.pl\/index.php\/wp-json\/wp\/v2\/pages"}],"about":[{"href":"https:\/\/naszerelacje.pl\/index.php\/wp-json\/wp\/v2\/types\/page"}],"author":[{"embeddable":true,"href":"https:\/\/naszerelacje.pl\/index.php\/wp-json\/wp\/v2\/users\/1"}],"replies":[{"embeddable":true,"href":"https:\/\/naszerelacje.pl\/index.php\/wp-json\/wp\/v2\/comments?post=3082"}],"version-history":[{"count":38,"href":"https:\/\/naszerelacje.pl\/index.php\/wp-json\/wp\/v2\/pages\/3082\/revisions"}],"predecessor-version":[{"id":4942,"href":"https:\/\/naszerelacje.pl\/index.php\/wp-json\/wp\/v2\/pages\/3082\/revisions\/4942"}],"wp:attachment":[{"href":"https:\/\/naszerelacje.pl\/index.php\/wp-json\/wp\/v2\/media?parent=3082"}],"curies":[{"name":"wp","href":"https:\/\/api.w.org\/{rel}","templated":true}]}}