{"id":2964,"date":"2023-08-27T16:59:42","date_gmt":"2023-08-27T14:59:42","guid":{"rendered":"https:\/\/naszerelacje.pl\/?page_id=2964"},"modified":"2026-02-27T09:51:10","modified_gmt":"2026-02-27T08:51:10","slug":"oferta","status":"publish","type":"page","link":"https:\/\/naszerelacje.pl\/index.php\/oferta\/","title":{"rendered":"Oferta"},"content":{"rendered":"\n<h1 class=\"wp-block-heading has-text-align-center has-ast-global-color-2-color has-text-color has-link-color wp-elements-44e0983b4a519eb6ebf21ba6d45e4d12\">Jakiego wsparcia potrzebujesz?<\/h1>\n\n\n\n<h3 class=\"wp-block-heading has-text-align-center\">Psychoterapia Indywidualna<\/h3>\n\n\n\n<p class=\"has-text-align-center\">Cena za sesj\u0119: 230-250 z\u0142 230 do 250 z\u0142 (stawka zale\u017cy od terapeuty, pe\u0142ny cennik: <a href=\"https:\/\/naszerelacje.pl\/index.php\/cennik\/\">tutaj<\/a>)<\/p>\n\n\n\n<div class=\"wp-block-buttons is-content-justification-center is-layout-flex wp-container-core-buttons-is-layout-a89b3969 wp-block-buttons-is-layout-flex\">\n<div class=\"wp-block-button\"><a class=\"wp-block-button__link wp-element-button\" href=\"https:\/\/naszerelacje.pl\/index.php\/psychoterapia-jak-przygotowac-sie-do-psychoterapii-w-5-krokach\/\">Dowiedz si\u0119 wi\u0119cej<\/a><\/div>\n<\/div>\n\n\n\n<div style=\"height:20px\" aria-hidden=\"true\" class=\"wp-block-spacer\"><\/div>\n\n\n\n<h3 class=\"wp-block-heading has-text-align-center\">Psychoterapia Grupowa [Piaseczno]<\/h3>\n\n\n\n<p class=\"has-text-align-center\">Cena za sesj\u0119: 140 z\u0142<\/p>\n\n\n\n<div class=\"wp-block-buttons is-content-justification-center is-layout-flex wp-container-core-buttons-is-layout-a89b3969 wp-block-buttons-is-layout-flex\">\n<div class=\"wp-block-button\"><a class=\"wp-block-button__link wp-element-button\" href=\"https:\/\/naszerelacje.pl\/index.php\/psychoterapia-grupowa-gestalt-piaseczno\/\">Dowiedz si\u0119 wi\u0119cej<\/a><\/div>\n<\/div>\n\n\n\n<div style=\"height:20px\" aria-hidden=\"true\" class=\"wp-block-spacer\"><\/div>\n\n\n\n<h3 class=\"wp-block-heading has-text-align-center\">Psychoterapia Grupowa [online]<\/h3>\n\n\n\n<p class=\"has-text-align-center\">Cena za sesj\u0119: 150 z\u0142<\/p>\n\n\n\n<div class=\"wp-block-buttons is-content-justification-center is-layout-flex wp-container-core-buttons-is-layout-a89b3969 wp-block-buttons-is-layout-flex\">\n<div class=\"wp-block-button\"><a class=\"wp-block-button__link wp-element-button\" href=\"https:\/\/naszerelacje.pl\/index.php\/psychoterapia-grupowa-online\/\">Dowiedz si\u0119 wi\u0119cej<\/a><\/div>\n<\/div>\n\n\n\n<div style=\"height:20px\" aria-hidden=\"true\" class=\"wp-block-spacer\"><\/div>\n\n\n\n<h3 class=\"wp-block-heading has-text-align-center\">Terapia dla Par<\/h3>\n\n\n\n<p class=\"has-text-align-center\">Cena za sesj\u0119: 300 z\u0142<\/p>\n\n\n\n<div class=\"wp-block-buttons is-content-justification-center is-layout-flex wp-container-core-buttons-is-layout-a89b3969 wp-block-buttons-is-layout-flex\">\n<div class=\"wp-block-button\"><a class=\"wp-block-button__link wp-element-button\" href=\"https:\/\/naszerelacje.pl\/index.php\/terapia-par\">Dowiedz si\u0119 wi\u0119cej<\/a><\/div>\n<\/div>\n\n\n\n<div style=\"height:20px\" aria-hidden=\"true\" class=\"wp-block-spacer\"><\/div>\n\n\n\n<h3 class=\"wp-block-heading has-text-align-center\">Wsp\u00f3\u0142praca z liderami i firmami<\/h3>\n\n\n\n<p class=\"has-text-align-center\">Skontaktuj si\u0119 z nami w celu ustalenia warunk\u00f3w wsp\u00f3\u0142pracy<\/p>\n\n\n\n<div class=\"wp-block-buttons is-content-justification-center is-layout-flex wp-container-core-buttons-is-layout-a89b3969 wp-block-buttons-is-layout-flex\">\n<div class=\"wp-block-button\"><a class=\"wp-block-button__link wp-element-button\" href=\"https:\/\/naszerelacje.pl\/index.php\/oferta-dla-biznesu\">Dowiedz si\u0119 wi\u0119cej<\/a><\/div>\n<\/div>\n\n\n\n<div style=\"height:35px\" aria-hidden=\"true\" class=\"wp-block-spacer\"><\/div>\n\n\n\n<p class=\"has-text-align-center\"><strong>Telefon kontaktowy: <a href=\"tel:888200760\">888-200-760<\/a><\/strong><\/p>\n\n\n\n<p class=\"has-text-align-center\"><strong>E-mail: <a href=\"mailto:kontakt@naszerelacje.pl\">kontakt@naszerelacje.pl<\/a><\/strong><\/p>\n\n\n\n<p class=\"has-text-align-center\">Alternatywnie mo\u017cesz zostawi\u0107 namiar na siebie w poni\u017cszym formularzu. Skontaktujemy si\u0119 z Tob\u0105.<\/p>\n\n\n\n                <div class=\"ml-embedded\" data-form=\"DcUoSb\"><\/div>\n            \n\n\n\n<figure class=\"wp-block-image aligncenter size-full\"><img decoding=\"async\" fetchPriority=\"low\" src=\"https:\/\/naszerelacje.pl\/wp-content\/uploads\/2024\/08\/Terapia-par-Psychoterapia-Piasczeno-i-online-scaled-1.webp\" alt=\"Gabinet Piaseczno Psychoterapia Gestalt\" class=\"wp-image-3894\"\/><\/figure>\n","protected":false},"excerpt":{"rendered":"<p>Jakiego wsparcia potrzebujesz? Psychoterapia Indywidualna Cena za sesj\u0119: 230-250 z\u0142 230 do 250 z\u0142 (stawka zale\u017cy od terapeuty, pe\u0142ny cennik: [&hellip;]<\/p>\n","protected":false},"author":1,"featured_media":0,"parent":0,"menu_order":0,"comment_status":"closed","ping_status":"closed","template":"","meta":{"site-sidebar-layout":"default","site-content-layout":"","ast-site-content-layout":"default","site-content-style":"default","site-sidebar-style":"default","ast-global-header-display":"","ast-banner-title-visibility":"","ast-main-header-display":"","ast-hfb-above-header-display":"","ast-hfb-below-header-display":"","ast-hfb-mobile-header-display":"","site-post-title":"disabled","ast-breadcrumbs-content":"","ast-featured-img":"","footer-sml-layout":"","theme-transparent-header-meta":"","adv-header-id-meta":"","stick-header-meta":"","header-above-stick-meta":"","header-main-stick-meta":"","header-below-stick-meta":"","astra-migrate-meta-layouts":"default","ast-page-background-enabled":"default","ast-page-background-meta":{"desktop":{"background-color":"var(--ast-global-color-4)","background-image":"","background-repeat":"repeat","background-position":"center center","background-size":"auto","background-attachment":"scroll","background-type":"","background-media":"","overlay-type":"","overlay-color":"","overlay-opacity":"","overlay-gradient":""},"tablet":{"background-color":"","background-image":"","background-repeat":"repeat","background-position":"center center","background-size":"auto","background-attachment":"scroll","background-type":"","background-media":"","overlay-type":"","overlay-color":"","overlay-opacity":"","overlay-gradient":""},"mobile":{"background-color":"","background-image":"","background-repeat":"repeat","background-position":"center center","background-size":"auto","background-attachment":"scroll","background-type":"","background-media":"","overlay-type":"","overlay-color":"","overlay-opacity":"","overlay-gradient":""}},"ast-content-background-meta":{"desktop":{"background-color":"var(--ast-global-color-5)","background-image":"","background-repeat":"repeat","background-position":"center center","background-size":"auto","background-attachment":"scroll","background-type":"","background-media":"","overlay-type":"","overlay-color":"","overlay-opacity":"","overlay-gradient":""},"tablet":{"background-color":"var(--ast-global-color-5)","background-image":"","background-repeat":"repeat","background-position":"center center","background-size":"auto","background-attachment":"scroll","background-type":"","background-media":"","overlay-type":"","overlay-color":"","overlay-opacity":"","overlay-gradient":""},"mobile":{"background-color":"var(--ast-global-color-5)","background-image":"","background-repeat":"repeat","background-position":"center center","background-size":"auto","background-attachment":"scroll","background-type":"","background-media":"","overlay-type":"","overlay-color":"","overlay-opacity":"","overlay-gradient":""}},"footnotes":"","_links_to":"","_links_to_target":""},"class_list":["post-2964","page","type-page","status-publish","hentry"],"yoast_head":"<!-- This site is optimized with the Yoast SEO plugin v27.4 - https:\/\/yoast.com\/product\/yoast-seo-wordpress\/ -->\n<title>Oferta - Psychoterapia Gestalt Piaseczno &quot;Nasze Relacje&quot;<\/title>\n<meta name=\"description\" content=\"Oferta Centrum Rozwoju Nasze Relacje\" \/>\n<meta name=\"robots\" content=\"index, follow, max-snippet:-1, max-image-preview:large, max-video-preview:-1\" \/>\n<link rel=\"canonical\" href=\"https:\/\/naszerelacje.pl\/index.php\/oferta\/\" \/>\n<meta property=\"og:locale\" content=\"pl_PL\" \/>\n<meta property=\"og:type\" content=\"article\" \/>\n<meta property=\"og:title\" content=\"Oferta - Psychoterapia Gestalt Piaseczno &quot;Nasze Relacje&quot;\" \/>\n<meta property=\"og:description\" content=\"Oferta Centrum Rozwoju Nasze Relacje\" \/>\n<meta property=\"og:url\" content=\"https:\/\/naszerelacje.pl\/index.php\/oferta\/\" \/>\n<meta property=\"og:site_name\" content=\"Psychoterapia Gestalt Piaseczno &quot;Nasze Relacje&quot;\" \/>\n<meta property=\"article:modified_time\" content=\"2026-02-27T08:51:10+00:00\" \/>\n<meta name=\"twitter:card\" content=\"summary_large_image\" \/>\n<meta name=\"twitter:label1\" content=\"Szacowany czas czytania\" \/>\n\t<meta name=\"twitter:data1\" content=\"2 minuty\" \/>\n<script type=\"application\/ld+json\" class=\"yoast-schema-graph\">{\"@context\":\"https:\\\/\\\/schema.org\",\"@graph\":[{\"@type\":\"WebPage\",\"@id\":\"https:\\\/\\\/naszerelacje.pl\\\/index.php\\\/oferta\\\/\",\"url\":\"https:\\\/\\\/naszerelacje.pl\\\/index.php\\\/oferta\\\/\",\"name\":\"Oferta - Psychoterapia Gestalt Piaseczno &quot;Nasze Relacje&quot;\",\"isPartOf\":{\"@id\":\"https:\\\/\\\/naszerelacje.pl\\\/#website\"},\"primaryImageOfPage\":{\"@id\":\"https:\\\/\\\/naszerelacje.pl\\\/index.php\\\/oferta\\\/#primaryimage\"},\"image\":{\"@id\":\"https:\\\/\\\/naszerelacje.pl\\\/index.php\\\/oferta\\\/#primaryimage\"},\"thumbnailUrl\":\"https:\\\/\\\/naszerelacje.pl\\\/wp-content\\\/uploads\\\/2024\\\/08\\\/Terapia-par-Psychoterapia-Piasczeno-i-online-scaled-1.webp\",\"datePublished\":\"2023-08-27T14:59:42+00:00\",\"dateModified\":\"2026-02-27T08:51:10+00:00\",\"description\":\"Oferta Centrum Rozwoju Nasze Relacje\",\"breadcrumb\":{\"@id\":\"https:\\\/\\\/naszerelacje.pl\\\/index.php\\\/oferta\\\/#breadcrumb\"},\"inLanguage\":\"pl-PL\",\"potentialAction\":[{\"@type\":\"ReadAction\",\"target\":[\"https:\\\/\\\/naszerelacje.pl\\\/index.php\\\/oferta\\\/\"]}]},{\"@type\":\"ImageObject\",\"inLanguage\":\"pl-PL\",\"@id\":\"https:\\\/\\\/naszerelacje.pl\\\/index.php\\\/oferta\\\/#primaryimage\",\"url\":\"\",\"contentUrl\":\"\"},{\"@type\":\"BreadcrumbList\",\"@id\":\"https:\\\/\\\/naszerelacje.pl\\\/index.php\\\/oferta\\\/#breadcrumb\",\"itemListElement\":[{\"@type\":\"ListItem\",\"position\":1,\"name\":\"Strona g\u0142\u00f3wna\",\"item\":\"https:\\\/\\\/naszerelacje.pl\\\/\"},{\"@type\":\"ListItem\",\"position\":2,\"name\":\"Oferta\"}]},{\"@type\":\"WebSite\",\"@id\":\"https:\\\/\\\/naszerelacje.pl\\\/#website\",\"url\":\"https:\\\/\\\/naszerelacje.pl\\\/\",\"name\":\"Psychoterapia Gestalt Piaseczno &quot;Nasze Relacje&quot;\",\"description\":\"Psychoterapia Piaseczno - prowadzona w podej\u015bciu Gestalt - w Piasecznie i online\",\"publisher\":{\"@id\":\"https:\\\/\\\/naszerelacje.pl\\\/#\\\/schema\\\/person\\\/fc787e4f854cea7a1ee70801cedef96c\"},\"potentialAction\":[{\"@type\":\"SearchAction\",\"target\":{\"@type\":\"EntryPoint\",\"urlTemplate\":\"https:\\\/\\\/naszerelacje.pl\\\/?s={search_term_string}\"},\"query-input\":{\"@type\":\"PropertyValueSpecification\",\"valueRequired\":true,\"valueName\":\"search_term_string\"}}],\"inLanguage\":\"pl-PL\"},{\"@type\":[\"Person\",\"Organization\"],\"@id\":\"https:\\\/\\\/naszerelacje.pl\\\/#\\\/schema\\\/person\\\/fc787e4f854cea7a1ee70801cedef96c\",\"name\":\"Rafa\u0142 Stolarek\",\"image\":{\"@type\":\"ImageObject\",\"inLanguage\":\"pl-PL\",\"@id\":\"https:\\\/\\\/naszerelacje.pl\\\/wp-content\\\/uploads\\\/2018\\\/07\\\/MailerLiteEdited.jpeg\",\"url\":\"https:\\\/\\\/naszerelacje.pl\\\/wp-content\\\/uploads\\\/2018\\\/07\\\/MailerLiteEdited.jpeg\",\"contentUrl\":\"https:\\\/\\\/naszerelacje.pl\\\/wp-content\\\/uploads\\\/2018\\\/07\\\/MailerLiteEdited.jpeg\",\"width\":703,\"height\":800,\"caption\":\"Rafa\u0142 Stolarek\"},\"logo\":{\"@id\":\"https:\\\/\\\/naszerelacje.pl\\\/wp-content\\\/uploads\\\/2018\\\/07\\\/MailerLiteEdited.jpeg\"},\"sameAs\":[\"http:\\\/\\\/naszerelacje.pl\"]}]}<\/script>\n<!-- \/ Yoast SEO plugin. -->","yoast_head_json":{"title":"Oferta - Psychoterapia Gestalt Piaseczno &quot;Nasze Relacje&quot;","description":"Oferta Centrum Rozwoju Nasze Relacje","robots":{"index":"index","follow":"follow","max-snippet":"max-snippet:-1","max-image-preview":"max-image-preview:large","max-video-preview":"max-video-preview:-1"},"canonical":"https:\/\/naszerelacje.pl\/index.php\/oferta\/","og_locale":"pl_PL","og_type":"article","og_title":"Oferta - Psychoterapia Gestalt Piaseczno &quot;Nasze Relacje&quot;","og_description":"Oferta Centrum Rozwoju Nasze Relacje","og_url":"https:\/\/naszerelacje.pl\/index.php\/oferta\/","og_site_name":"Psychoterapia Gestalt Piaseczno &quot;Nasze Relacje&quot;","article_modified_time":"2026-02-27T08:51:10+00:00","twitter_card":"summary_large_image","twitter_misc":{"Szacowany czas czytania":"2 minuty"},"schema":{"@context":"https:\/\/schema.org","@graph":[{"@type":"WebPage","@id":"https:\/\/naszerelacje.pl\/index.php\/oferta\/","url":"https:\/\/naszerelacje.pl\/index.php\/oferta\/","name":"Oferta - Psychoterapia Gestalt Piaseczno &quot;Nasze Relacje&quot;","isPartOf":{"@id":"https:\/\/naszerelacje.pl\/#website"},"primaryImageOfPage":{"@id":"https:\/\/naszerelacje.pl\/index.php\/oferta\/#primaryimage"},"image":{"@id":"https:\/\/naszerelacje.pl\/index.php\/oferta\/#primaryimage"},"thumbnailUrl":"https:\/\/naszerelacje.pl\/wp-content\/uploads\/2024\/08\/Terapia-par-Psychoterapia-Piasczeno-i-online-scaled-1.webp","datePublished":"2023-08-27T14:59:42+00:00","dateModified":"2026-02-27T08:51:10+00:00","description":"Oferta Centrum Rozwoju Nasze Relacje","breadcrumb":{"@id":"https:\/\/naszerelacje.pl\/index.php\/oferta\/#breadcrumb"},"inLanguage":"pl-PL","potentialAction":[{"@type":"ReadAction","target":["https:\/\/naszerelacje.pl\/index.php\/oferta\/"]}]},{"@type":"ImageObject","inLanguage":"pl-PL","@id":"https:\/\/naszerelacje.pl\/index.php\/oferta\/#primaryimage","url":"","contentUrl":""},{"@type":"BreadcrumbList","@id":"https:\/\/naszerelacje.pl\/index.php\/oferta\/#breadcrumb","itemListElement":[{"@type":"ListItem","position":1,"name":"Strona g\u0142\u00f3wna","item":"https:\/\/naszerelacje.pl\/"},{"@type":"ListItem","position":2,"name":"Oferta"}]},{"@type":"WebSite","@id":"https:\/\/naszerelacje.pl\/#website","url":"https:\/\/naszerelacje.pl\/","name":"Psychoterapia Gestalt Piaseczno &quot;Nasze Relacje&quot;","description":"Psychoterapia Piaseczno - prowadzona w podej\u015bciu Gestalt - w Piasecznie i online","publisher":{"@id":"https:\/\/naszerelacje.pl\/#\/schema\/person\/fc787e4f854cea7a1ee70801cedef96c"},"potentialAction":[{"@type":"SearchAction","target":{"@type":"EntryPoint","urlTemplate":"https:\/\/naszerelacje.pl\/?s={search_term_string}"},"query-input":{"@type":"PropertyValueSpecification","valueRequired":true,"valueName":"search_term_string"}}],"inLanguage":"pl-PL"},{"@type":["Person","Organization"],"@id":"https:\/\/naszerelacje.pl\/#\/schema\/person\/fc787e4f854cea7a1ee70801cedef96c","name":"Rafa\u0142 Stolarek","image":{"@type":"ImageObject","inLanguage":"pl-PL","@id":"https:\/\/naszerelacje.pl\/wp-content\/uploads\/2018\/07\/MailerLiteEdited.jpeg","url":"https:\/\/naszerelacje.pl\/wp-content\/uploads\/2018\/07\/MailerLiteEdited.jpeg","contentUrl":"https:\/\/naszerelacje.pl\/wp-content\/uploads\/2018\/07\/MailerLiteEdited.jpeg","width":703,"height":800,"caption":"Rafa\u0142 Stolarek"},"logo":{"@id":"https:\/\/naszerelacje.pl\/wp-content\/uploads\/2018\/07\/MailerLiteEdited.jpeg"},"sameAs":["http:\/\/naszerelacje.pl"]}]}},"_links":{"self":[{"href":"https:\/\/naszerelacje.pl\/index.php\/wp-json\/wp\/v2\/pages\/2964","targetHints":{"allow":["GET"]}}],"collection":[{"href":"https:\/\/naszerelacje.pl\/index.php\/wp-json\/wp\/v2\/pages"}],"about":[{"href":"https:\/\/naszerelacje.pl\/index.php\/wp-json\/wp\/v2\/types\/page"}],"author":[{"embeddable":true,"href":"https:\/\/naszerelacje.pl\/index.php\/wp-json\/wp\/v2\/users\/1"}],"replies":[{"embeddable":true,"href":"https:\/\/naszerelacje.pl\/index.php\/wp-json\/wp\/v2\/comments?post=2964"}],"version-history":[{"count":37,"href":"https:\/\/naszerelacje.pl\/index.php\/wp-json\/wp\/v2\/pages\/2964\/revisions"}],"predecessor-version":[{"id":4948,"href":"https:\/\/naszerelacje.pl\/index.php\/wp-json\/wp\/v2\/pages\/2964\/revisions\/4948"}],"wp:attachment":[{"href":"https:\/\/naszerelacje.pl\/index.php\/wp-json\/wp\/v2\/media?parent=2964"}],"curies":[{"name":"wp","href":"https:\/\/api.w.org\/{rel}","templated":true}]}}