{"id":2284,"date":"2022-10-05T16:05:50","date_gmt":"2022-10-05T14:05:50","guid":{"rendered":"https:\/\/naszerelacje.pl\/?page_id=2284"},"modified":"2026-01-29T09:05:33","modified_gmt":"2026-01-29T08:05:33","slug":"inspiracje","status":"publish","type":"page","link":"https:\/\/naszerelacje.pl\/index.php\/inspiracje\/","title":{"rendered":"Podcast | Blog"},"content":{"rendered":"\n<p>Tre\u015bci i inspiracje dla Ciebie mo\u017cesz znale\u017a\u0107 w poni\u017cszych serwisach:<\/p>\n\n\n\n<p><a href=\"https:\/\/naszerelacje.pl\/index.php\/blog\/\" target=\"_blank\" rel=\"noopener\">Podcast i Blog &#8222;Nasze Relacje&#8221;<\/a><\/p>\n\n\n\n<p><a href=\"https:\/\/www.youtube.com\/c\/naszerelacje\" target=\"_blank\" rel=\"noopener\">Kana\u0142 YouTube &#8222;Nasze Relacje&#8221;<\/a><\/p>\n\n\n\n<p><a href=\"https:\/\/www.facebook.com\/naszerelacjepl\/\" target=\"_blank\" rel=\"noopener\">Facebook &#8222;N<\/a><a href=\"https:\/\/www.facebook.com\/naszerelacjepl\/\" target=\"_blank\" rel=\"noreferrer noopener\">asze Relacje&#8221;<\/a><\/p>\n\n\n\n<p><a href=\"https:\/\/naszerelacje.pl\/index.php\/justnotice-mobile-app\/\">Bezp\u0142atna Aplikacja Mobilna JustNotice<\/a><\/p>\n\n\n\n<p id=\"newsletter\">B\u0105d\u017a na bie\u017c\u0105co z tym, co robi\u0119 &#8211; zapisz si\u0119 na newsletter:<\/p>\n\n\n\n                <div class=\"ml-embedded\" data-form=\"aU5s8M\"><\/div>\n            \n\n\n\n<figure class=\"wp-block-image aligncenter size-full\"><img decoding=\"async\" fetchPriority=\"low\" src=\"https:\/\/naszerelacje.pl\/wp-content\/uploads\/2024\/08\/Psychoterapia-Piaseczno-Rafal-Stolarek.webp\" alt=\"Gabinet Piaseczno Psychoterapia Gestalt\" class=\"wp-image-3894\"\/><\/figure>\n\n\n\n<p class=\"has-text-align-center\">Gabinet Psychoterapii Gestalt<\/p>\n\n\n\n<h2 class=\"wp-block-heading has-text-align-center\">\u201eNasze Relacje\u201d<\/h2>\n\n\n\n<p class=\"has-text-align-center\"><strong>\u017beromskiego 9A \/17,&nbsp;05-500 Piaseczno<\/strong><\/p>\n\n\n\n<p class=\"has-text-align-center\">Sesje psychoterapii prowadzimy w gabinecie oraz online<\/p>\n\n\n\n<p class=\"has-text-align-center\"><strong>Telefon kontaktowy: 888-200-760<\/strong><\/p>\n\n\n\n<p class=\"has-text-align-center\"><strong>E-mail: kontakt@naszerelacje.pl<\/strong><\/p>\n\n\n\n<p class=\"has-text-align-center\">Alternatywnie mo\u017cesz zostawi\u0107 namiar na siebie w poni\u017cszym formularzu. Skontaktujemy si\u0119 z Tob\u0105.<\/p>\n\n\n\n                <div class=\"ml-embedded\" data-form=\"DcUoSb\"><\/div>\n            \n\n\n\n<p><em>UWAGA: je\u015bli nie widzisz formularza nad tym akapitem (a jedynie szary pasek), to znaczy, \u017ce nie potwierdzi\u0142a\u015b\/e\u015b zgody na ciasteczka. W takim przypadku kliknij \u201eAkceptuj\u0119\u201d \u2013 jasny przycisk na czarnym tle na samej g\u00f3rze ekranu.<\/em><\/p>\n","protected":false},"excerpt":{"rendered":"<p>Tre\u015bci i inspiracje dla Ciebie mo\u017cesz znale\u017a\u0107 w poni\u017cszych serwisach: Podcast i Blog &#8222;Nasze Relacje&#8221; Kana\u0142 YouTube &#8222;Nasze Relacje&#8221; Facebook [&hellip;]<\/p>\n","protected":false},"author":1,"featured_media":0,"parent":0,"menu_order":0,"comment_status":"closed","ping_status":"closed","template":"","meta":{"site-sidebar-layout":"default","site-content-layout":"","ast-site-content-layout":"default","site-content-style":"default","site-sidebar-style":"default","ast-global-header-display":"","ast-banner-title-visibility":"","ast-main-header-display":"","ast-hfb-above-header-display":"","ast-hfb-below-header-display":"","ast-hfb-mobile-header-display":"","site-post-title":"disabled","ast-breadcrumbs-content":"","ast-featured-img":"","footer-sml-layout":"","theme-transparent-header-meta":"","adv-header-id-meta":"","stick-header-meta":"","header-above-stick-meta":"","header-main-stick-meta":"","header-below-stick-meta":"","astra-migrate-meta-layouts":"default","ast-page-background-enabled":"default","ast-page-background-meta":{"desktop":{"background-color":"var(--ast-global-color-4)","background-image":"","background-repeat":"repeat","background-position":"center center","background-size":"auto","background-attachment":"scroll","background-type":"","background-media":"","overlay-type":"","overlay-color":"","overlay-opacity":"","overlay-gradient":""},"tablet":{"background-color":"","background-image":"","background-repeat":"repeat","background-position":"center center","background-size":"auto","background-attachment":"scroll","background-type":"","background-media":"","overlay-type":"","overlay-color":"","overlay-opacity":"","overlay-gradient":""},"mobile":{"background-color":"","background-image":"","background-repeat":"repeat","background-position":"center center","background-size":"auto","background-attachment":"scroll","background-type":"","background-media":"","overlay-type":"","overlay-color":"","overlay-opacity":"","overlay-gradient":""}},"ast-content-background-meta":{"desktop":{"background-color":"var(--ast-global-color-5)","background-image":"","background-repeat":"repeat","background-position":"center center","background-size":"auto","background-attachment":"scroll","background-type":"","background-media":"","overlay-type":"","overlay-color":"","overlay-opacity":"","overlay-gradient":""},"tablet":{"background-color":"var(--ast-global-color-5)","background-image":"","background-repeat":"repeat","background-position":"center center","background-size":"auto","background-attachment":"scroll","background-type":"","background-media":"","overlay-type":"","overlay-color":"","overlay-opacity":"","overlay-gradient":""},"mobile":{"background-color":"var(--ast-global-color-5)","background-image":"","background-repeat":"repeat","background-position":"center center","background-size":"auto","background-attachment":"scroll","background-type":"","background-media":"","overlay-type":"","overlay-color":"","overlay-opacity":"","overlay-gradient":""}},"footnotes":"","_links_to":"","_links_to_target":""},"class_list":["post-2284","page","type-page","status-publish","hentry"],"yoast_head":"<!-- This site is optimized with the Yoast SEO plugin v27.4 - https:\/\/yoast.com\/product\/yoast-seo-wordpress\/ -->\n<title>Podcast | Blog - Psychoterapia Gestalt Piaseczno &quot;Nasze Relacje&quot;<\/title>\n<meta name=\"description\" content=\"Inspiracje Psychoterapii Gestalt Piaseczno\" \/>\n<meta name=\"robots\" content=\"index, follow, max-snippet:-1, max-image-preview:large, max-video-preview:-1\" \/>\n<link rel=\"canonical\" href=\"https:\/\/naszerelacje.pl\/index.php\/inspiracje\/\" \/>\n<meta property=\"og:locale\" content=\"pl_PL\" \/>\n<meta property=\"og:type\" content=\"article\" \/>\n<meta property=\"og:title\" content=\"Podcast | Blog - Psychoterapia Gestalt Piaseczno &quot;Nasze Relacje&quot;\" \/>\n<meta property=\"og:description\" content=\"Inspiracje Psychoterapii Gestalt Piaseczno\" \/>\n<meta property=\"og:url\" content=\"https:\/\/naszerelacje.pl\/index.php\/inspiracje\/\" \/>\n<meta property=\"og:site_name\" content=\"Psychoterapia Gestalt Piaseczno &quot;Nasze Relacje&quot;\" \/>\n<meta property=\"article:modified_time\" content=\"2026-01-29T08:05:33+00:00\" \/>\n<meta name=\"twitter:card\" content=\"summary_large_image\" \/>\n<meta name=\"twitter:label1\" content=\"Szacowany czas czytania\" \/>\n\t<meta name=\"twitter:data1\" content=\"2 minuty\" \/>\n<script type=\"application\/ld+json\" class=\"yoast-schema-graph\">{\"@context\":\"https:\\\/\\\/schema.org\",\"@graph\":[{\"@type\":\"WebPage\",\"@id\":\"https:\\\/\\\/naszerelacje.pl\\\/index.php\\\/inspiracje\\\/\",\"url\":\"https:\\\/\\\/naszerelacje.pl\\\/index.php\\\/inspiracje\\\/\",\"name\":\"Podcast | Blog - Psychoterapia Gestalt Piaseczno &quot;Nasze Relacje&quot;\",\"isPartOf\":{\"@id\":\"https:\\\/\\\/naszerelacje.pl\\\/#website\"},\"primaryImageOfPage\":{\"@id\":\"https:\\\/\\\/naszerelacje.pl\\\/index.php\\\/inspiracje\\\/#primaryimage\"},\"image\":{\"@id\":\"https:\\\/\\\/naszerelacje.pl\\\/index.php\\\/inspiracje\\\/#primaryimage\"},\"thumbnailUrl\":\"https:\\\/\\\/naszerelacje.pl\\\/wp-content\\\/uploads\\\/2024\\\/08\\\/Psychoterapia-Piaseczno-Rafal-Stolarek.webp\",\"datePublished\":\"2022-10-05T14:05:50+00:00\",\"dateModified\":\"2026-01-29T08:05:33+00:00\",\"description\":\"Inspiracje Psychoterapii Gestalt Piaseczno\",\"breadcrumb\":{\"@id\":\"https:\\\/\\\/naszerelacje.pl\\\/index.php\\\/inspiracje\\\/#breadcrumb\"},\"inLanguage\":\"pl-PL\",\"potentialAction\":[{\"@type\":\"ReadAction\",\"target\":[\"https:\\\/\\\/naszerelacje.pl\\\/index.php\\\/inspiracje\\\/\"]}]},{\"@type\":\"ImageObject\",\"inLanguage\":\"pl-PL\",\"@id\":\"https:\\\/\\\/naszerelacje.pl\\\/index.php\\\/inspiracje\\\/#primaryimage\",\"url\":\"https:\\\/\\\/naszerelacje.pl\\\/wp-content\\\/uploads\\\/2022\\\/09\\\/Nasze-Relacje-LP-scaled.jpg\",\"contentUrl\":\"https:\\\/\\\/naszerelacje.pl\\\/wp-content\\\/uploads\\\/2022\\\/09\\\/Nasze-Relacje-LP-scaled.jpg\",\"width\":1920,\"height\":2560,\"caption\":\"Psychoterapia Gestalt Piaseczno Rafa\u0142 Stolarek Psychoterapeuta Gestalt\"},{\"@type\":\"BreadcrumbList\",\"@id\":\"https:\\\/\\\/naszerelacje.pl\\\/index.php\\\/inspiracje\\\/#breadcrumb\",\"itemListElement\":[{\"@type\":\"ListItem\",\"position\":1,\"name\":\"Strona g\u0142\u00f3wna\",\"item\":\"https:\\\/\\\/naszerelacje.pl\\\/\"},{\"@type\":\"ListItem\",\"position\":2,\"name\":\"Podcast | Blog\"}]},{\"@type\":\"WebSite\",\"@id\":\"https:\\\/\\\/naszerelacje.pl\\\/#website\",\"url\":\"https:\\\/\\\/naszerelacje.pl\\\/\",\"name\":\"Psychoterapia Gestalt Piaseczno &quot;Nasze Relacje&quot;\",\"description\":\"Psychoterapia Piaseczno - prowadzona w podej\u015bciu Gestalt - w Piasecznie i online\",\"publisher\":{\"@id\":\"https:\\\/\\\/naszerelacje.pl\\\/#\\\/schema\\\/person\\\/fc787e4f854cea7a1ee70801cedef96c\"},\"potentialAction\":[{\"@type\":\"SearchAction\",\"target\":{\"@type\":\"EntryPoint\",\"urlTemplate\":\"https:\\\/\\\/naszerelacje.pl\\\/?s={search_term_string}\"},\"query-input\":{\"@type\":\"PropertyValueSpecification\",\"valueRequired\":true,\"valueName\":\"search_term_string\"}}],\"inLanguage\":\"pl-PL\"},{\"@type\":[\"Person\",\"Organization\"],\"@id\":\"https:\\\/\\\/naszerelacje.pl\\\/#\\\/schema\\\/person\\\/fc787e4f854cea7a1ee70801cedef96c\",\"name\":\"Rafa\u0142 Stolarek\",\"image\":{\"@type\":\"ImageObject\",\"inLanguage\":\"pl-PL\",\"@id\":\"https:\\\/\\\/naszerelacje.pl\\\/wp-content\\\/uploads\\\/2018\\\/07\\\/MailerLiteEdited.jpeg\",\"url\":\"https:\\\/\\\/naszerelacje.pl\\\/wp-content\\\/uploads\\\/2018\\\/07\\\/MailerLiteEdited.jpeg\",\"contentUrl\":\"https:\\\/\\\/naszerelacje.pl\\\/wp-content\\\/uploads\\\/2018\\\/07\\\/MailerLiteEdited.jpeg\",\"width\":703,\"height\":800,\"caption\":\"Rafa\u0142 Stolarek\"},\"logo\":{\"@id\":\"https:\\\/\\\/naszerelacje.pl\\\/wp-content\\\/uploads\\\/2018\\\/07\\\/MailerLiteEdited.jpeg\"},\"sameAs\":[\"http:\\\/\\\/naszerelacje.pl\"]}]}<\/script>\n<!-- \/ Yoast SEO plugin. -->","yoast_head_json":{"title":"Podcast | Blog - Psychoterapia Gestalt Piaseczno &quot;Nasze Relacje&quot;","description":"Inspiracje Psychoterapii Gestalt Piaseczno","robots":{"index":"index","follow":"follow","max-snippet":"max-snippet:-1","max-image-preview":"max-image-preview:large","max-video-preview":"max-video-preview:-1"},"canonical":"https:\/\/naszerelacje.pl\/index.php\/inspiracje\/","og_locale":"pl_PL","og_type":"article","og_title":"Podcast | Blog - Psychoterapia Gestalt Piaseczno &quot;Nasze Relacje&quot;","og_description":"Inspiracje Psychoterapii Gestalt Piaseczno","og_url":"https:\/\/naszerelacje.pl\/index.php\/inspiracje\/","og_site_name":"Psychoterapia Gestalt Piaseczno &quot;Nasze Relacje&quot;","article_modified_time":"2026-01-29T08:05:33+00:00","twitter_card":"summary_large_image","twitter_misc":{"Szacowany czas czytania":"2 minuty"},"schema":{"@context":"https:\/\/schema.org","@graph":[{"@type":"WebPage","@id":"https:\/\/naszerelacje.pl\/index.php\/inspiracje\/","url":"https:\/\/naszerelacje.pl\/index.php\/inspiracje\/","name":"Podcast | Blog - Psychoterapia Gestalt Piaseczno &quot;Nasze Relacje&quot;","isPartOf":{"@id":"https:\/\/naszerelacje.pl\/#website"},"primaryImageOfPage":{"@id":"https:\/\/naszerelacje.pl\/index.php\/inspiracje\/#primaryimage"},"image":{"@id":"https:\/\/naszerelacje.pl\/index.php\/inspiracje\/#primaryimage"},"thumbnailUrl":"https:\/\/naszerelacje.pl\/wp-content\/uploads\/2024\/08\/Psychoterapia-Piaseczno-Rafal-Stolarek.webp","datePublished":"2022-10-05T14:05:50+00:00","dateModified":"2026-01-29T08:05:33+00:00","description":"Inspiracje Psychoterapii Gestalt Piaseczno","breadcrumb":{"@id":"https:\/\/naszerelacje.pl\/index.php\/inspiracje\/#breadcrumb"},"inLanguage":"pl-PL","potentialAction":[{"@type":"ReadAction","target":["https:\/\/naszerelacje.pl\/index.php\/inspiracje\/"]}]},{"@type":"ImageObject","inLanguage":"pl-PL","@id":"https:\/\/naszerelacje.pl\/index.php\/inspiracje\/#primaryimage","url":"https:\/\/naszerelacje.pl\/wp-content\/uploads\/2022\/09\/Nasze-Relacje-LP-scaled.jpg","contentUrl":"https:\/\/naszerelacje.pl\/wp-content\/uploads\/2022\/09\/Nasze-Relacje-LP-scaled.jpg","width":1920,"height":2560,"caption":"Psychoterapia Gestalt Piaseczno Rafa\u0142 Stolarek Psychoterapeuta Gestalt"},{"@type":"BreadcrumbList","@id":"https:\/\/naszerelacje.pl\/index.php\/inspiracje\/#breadcrumb","itemListElement":[{"@type":"ListItem","position":1,"name":"Strona g\u0142\u00f3wna","item":"https:\/\/naszerelacje.pl\/"},{"@type":"ListItem","position":2,"name":"Podcast | Blog"}]},{"@type":"WebSite","@id":"https:\/\/naszerelacje.pl\/#website","url":"https:\/\/naszerelacje.pl\/","name":"Psychoterapia Gestalt Piaseczno &quot;Nasze Relacje&quot;","description":"Psychoterapia Piaseczno - prowadzona w podej\u015bciu Gestalt - w Piasecznie i online","publisher":{"@id":"https:\/\/naszerelacje.pl\/#\/schema\/person\/fc787e4f854cea7a1ee70801cedef96c"},"potentialAction":[{"@type":"SearchAction","target":{"@type":"EntryPoint","urlTemplate":"https:\/\/naszerelacje.pl\/?s={search_term_string}"},"query-input":{"@type":"PropertyValueSpecification","valueRequired":true,"valueName":"search_term_string"}}],"inLanguage":"pl-PL"},{"@type":["Person","Organization"],"@id":"https:\/\/naszerelacje.pl\/#\/schema\/person\/fc787e4f854cea7a1ee70801cedef96c","name":"Rafa\u0142 Stolarek","image":{"@type":"ImageObject","inLanguage":"pl-PL","@id":"https:\/\/naszerelacje.pl\/wp-content\/uploads\/2018\/07\/MailerLiteEdited.jpeg","url":"https:\/\/naszerelacje.pl\/wp-content\/uploads\/2018\/07\/MailerLiteEdited.jpeg","contentUrl":"https:\/\/naszerelacje.pl\/wp-content\/uploads\/2018\/07\/MailerLiteEdited.jpeg","width":703,"height":800,"caption":"Rafa\u0142 Stolarek"},"logo":{"@id":"https:\/\/naszerelacje.pl\/wp-content\/uploads\/2018\/07\/MailerLiteEdited.jpeg"},"sameAs":["http:\/\/naszerelacje.pl"]}]}},"_links":{"self":[{"href":"https:\/\/naszerelacje.pl\/index.php\/wp-json\/wp\/v2\/pages\/2284","targetHints":{"allow":["GET"]}}],"collection":[{"href":"https:\/\/naszerelacje.pl\/index.php\/wp-json\/wp\/v2\/pages"}],"about":[{"href":"https:\/\/naszerelacje.pl\/index.php\/wp-json\/wp\/v2\/types\/page"}],"author":[{"embeddable":true,"href":"https:\/\/naszerelacje.pl\/index.php\/wp-json\/wp\/v2\/users\/1"}],"replies":[{"embeddable":true,"href":"https:\/\/naszerelacje.pl\/index.php\/wp-json\/wp\/v2\/comments?post=2284"}],"version-history":[{"count":55,"href":"https:\/\/naszerelacje.pl\/index.php\/wp-json\/wp\/v2\/pages\/2284\/revisions"}],"predecessor-version":[{"id":4928,"href":"https:\/\/naszerelacje.pl\/index.php\/wp-json\/wp\/v2\/pages\/2284\/revisions\/4928"}],"wp:attachment":[{"href":"https:\/\/naszerelacje.pl\/index.php\/wp-json\/wp\/v2\/media?parent=2284"}],"curies":[{"name":"wp","href":"https:\/\/api.w.org\/{rel}","templated":true}]}}