{"id":18,"date":"2018-06-30T12:35:29","date_gmt":"2018-06-30T10:35:29","guid":{"rendered":"http:\/\/serwer1912046.home.pl\/?page_id=18"},"modified":"2026-03-20T10:30:25","modified_gmt":"2026-03-20T09:30:25","slug":"o-mnie","status":"publish","type":"page","link":"https:\/\/naszerelacje.pl\/index.php\/o-mnie\/","title":{"rendered":"O mnie"},"content":{"rendered":"\r\n<div class=\"wp-block-media-text has-media-on-the-right is-stacked-on-mobile\">\r\n<div class=\"wp-block-media-text__content\">\r\n<p style=\"font-size: 16px;\"><img loading=\"lazy\" decoding=\"async\" class=\"alignleft wp-image-3833 size-medium\" src=\"https:\/\/naszerelacje.pl\/wp-content\/uploads\/2024\/03\/Nasze-Relacje-O-mnie-Rafal-Stolarek-1b-225x300.webp\" alt=\"Nasze Relacje O mnie Rafa\u0142 Stolarek Psychoterapeuta Piaseczno\" width=\"225\" height=\"300\" srcset=\"https:\/\/naszerelacje.pl\/wp-content\/uploads\/2024\/03\/Nasze-Relacje-O-mnie-Rafal-Stolarek-1b-225x300.webp 225w, https:\/\/naszerelacje.pl\/wp-content\/uploads\/2024\/03\/Nasze-Relacje-O-mnie-Rafal-Stolarek-1b.webp 628w\" sizes=\"auto, (max-width: 225px) 100vw, 225px\" \/><\/p>\r\n<p>Cze\u015b\u0107!<\/p>\r\n\r\n\r\n\r\n<p>Nazywam si\u0119 Rafa\u0142 Stolarek i jestem certyfikowanym psychoterapeut\u0105 Gestalt (certyfikat EAGT, PTPG). Ciesz\u0119 si\u0119, \u017ce jeste\u015b na mojej stronie \ud83d\ude42<\/p>\r\n\r\n\r\n\r\n<p>Psychoterapi\u0119 Gestalt postrzegam jako terapi\u0119 obecno\u015bci, serca, relacji i blisko\u015bci. Wierz\u0119, \u017ce ka\u017cde domkni\u0119cie figury, czyli wyj\u015bcie z usztywnionego\/automatycznego sposobu kontaktu, przybli\u017ca nas do odzyskiwania naturalnej zdolno\u015bci do samoregulacji oraz do przywracania swobody wyboru w sytuacjach, w kt\u00f3rych dotychczas wybierali\u015bmy nawykowo, w usztywniony spos\u00f3b. W pracy terapeutycznej kluczowe s\u0105 dla mnie 2 aspekty. Pierwszy, to zbudowanie relacji, kt\u00f3ra umo\u017cliwi swobodn\u0105 wymian\u0119 oraz grunt, dzi\u0119ki kt\u00f3remu b\u0119dziesz mog\u0142a, b\u0119dziesz m\u00f3g\u0142, poszerza\u0107 swoj\u0105 \u015bwiadomo\u015b\u0107 o sobie oraz kontakcie z innymi i ze \u015bwiatem. Drugi aspekt, to badanie naszego wsp\u00f3lnego pola, czyli naszej wsp\u00f3lnej sytuacji, kt\u00f3r\u0105 wsp\u00f3lnie tworzymy i w kt\u00f3rej zazwyczaj b\u0119dzie pojawia\u0142o si\u0119 to, z czym prawdopodobnie spotykasz si\u0119 r\u00f3wnie\u017c w swoim codziennym \u017cyciu. Bazuje to na za\u0142o\u017ceniu, \u017ce sytuacje, w kt\u00f3rych &#8222;utykasz&#8221;, wydarzaj\u0105 si\u0119 r\u00f3wnie\u017c w jaki\u015b spos\u00f3b w \u201etu i teraz\u201d.<\/p>\r\n\r\n\r\n\r\n<p>Jak wygl\u0105da\u0142a moja droga? W przesz\u0142o\u015bci uko\u0144czy\u0142em studia ekonomiczne i przez d\u0142ugie lata pracowa\u0142em w r\u00f3\u017cnej wielko\u015bci firmach. Po uko\u0144czeniu w\u0142asnej psychoterapii, zdecydowa\u0142em si\u0119 skierowa\u0107 w kierunku dzielenia si\u0119 do\u015bwiadczeniem i wspieraniem innych. W 2019 roku uko\u0144czy\u0142em Studium Pomocy i Edukacji Psychologicznej w warszawskim o\u015brodku INTRA, na kt\u00f3rym mog\u0142em poczu\u0107 warto\u015b\u0107 podej\u015bcia humanistycznego. Kontynuuj\u0105c podej\u015bcie humanistyczne,\u00a0 uko\u0144czy\u0142em 4-letni\u0105 Szko\u0142\u0119 Gestalt w Warszawie &#8211; akredytowan\u0105 przez AEGT (Europejskie Stowarzyszenie Terapii Gestalt), uzyskuj\u0105c certyfikat psychoterapeuty Gestalt z EAGT, a nast\u0119pnie certyfikat Polskiego Towarzystwa Psychoterapii Gestalt. Uko\u0144czy\u0142em r\u00f3wnie\u017c Szko\u0142\u0119 Terapii Grupowej w podej\u015bciu Gestalt w Ko-Relacjach u Kamili Kostrzewskiej. Aktualnie jestem w trakcie 2-letniej szko\u0142y &#8222;Body Psychosexual Therapy based on Sexual Grounding Therapy and other approaches&#8221; w \u0141\u00f3dzkim Centrum Gestalt. Moj\u0105 prac\u0119 poddaj\u0119 regularnej superwizji.<\/p>\r\n\r\n\r\n\r\n<p>Oferuj\u0119 psychoterapi\u0119 indywidualn\u0105, psychoterapi\u0119 par oraz psychoterapi\u0119 grupow\u0105. Wsp\u00f3\u0142prowadz\u0119 r\u00f3wnie\u017c warsztaty dla par, m\u0119\u017cczyzn oraz wsp\u00f3\u0142pracuj\u0119 z przedsi\u0119biorcami.<br \/>R\u00f3wnolegle ze zdobywanymi kompetencjami i prac\u0105 z klientami w ramach psychoterapii, dzia\u0142am w sferze online, kt\u00f3ra fascynuje mnie ze wzgl\u0119du na olbrzymie mo\u017cliwo\u015bci szerzenia wiedzy i szukanie mo\u017cliwych w tej sferze form kontaktu i rozwoju \u015bwiadomo\u015bci.<\/p>\r\n\r\n\r\n\r\n<p>Tematem przewodnim bloga (i kana\u0142u YouTube) s\u0105 relacje, gdy\u017c wierz\u0119, \u017ce to w\u0142a\u015bnie kontaktowanie si\u0119 z drugim cz\u0142owiekiem pokazuje nasz\u0105 moc i obna\u017ca obszary do pracy. Wy\u0142aniamy si\u0119 w zale\u017cno\u015bci od tego kogo spotykamy i kontekstu sytuacji.\u00a0 Mam nadziej\u0119, \u017ce spotkanie w tej przestrzeni ze mn\u0105, oka\u017ce si\u0119 dla Ciebie krokiem ku lepszemu poznaniu siebie.<\/p>\r\n\r\n\r\n\r\n<p>Je\u015bli potrzebujesz wsparcia w ramach psychoterapii indywidualnej, terapii par lub terapii grupowej, zapraszam Ci\u0119 do bezpo\u015bredniego kontaktu.<\/p>\r\n\r\n\r\n\r\n<p>Pozdrawiam Ci\u0119 serdecznie,<br \/>Rafa\u0142 Stolarek<\/p>\r\n<p>888-200-760, kontakt@naszerelacje.pl<\/p>\r\n<\/div>\r\n<\/div>\r\n\r\n<p id=\"szkolenia\"><span style=\"font-size: 1.7em; font-weight: bold;\">Wybrane szkolenia<\/span><\/p>\r\n<ul>\r\n<li>Ca\u0142o\u015bciowe, 4-letnie szkolenie w zakresie prowadzenia psychoterapii \u2013 Szko\u0142a Psychoterapii Gestalt (uzyskany certyfikat EAGT)<\/li>\r\n<li>Szko\u0142a Terapii Grupowej w podej\u015bciu Gestalt \u2013 Ko-Relacje Kamila Kostrzewska<\/li>\r\n<li>Sta\u017c na Oddziale Dziennym Psychiatrycznym w Centrum Zdrowia Psychicznego w Piasecznie<\/li>\r\n<li>2-letnia szko\u0142a Body Psychosexual Therapy based on Sexual Grounding Therapy and other approaches [Psychoseksualny i relacyjny rozw\u00f3j od pocz\u0119cia a\u017c do \u015bmierci] \u2013 \u0141\u00f3dzkie Centrum Gestalt [w trakcie]<\/li>\r\n<li>Warsztat Praca z depresj\u0105 w nurcie Gestalt \u2013 Jay Levin<\/li>\r\n<li>Warsztat Terapia grupowa w nurcie Gestalt \u2013 Despina Balliou<\/li>\r\n<li>Warsztat rozwoju osobistego dla m\u0119\u017cczyzn \u2013 Karol Bia\u0142kowski<\/li>\r\n<li>Warsztat Kontakt z wewn\u0119trznym klaunem \u2013 Frans Meulmesteer<\/li>\r\n<li>Trening terapeutyczny \u2013 Peter Schullthess<\/li>\r\n<li>Trening terapeutyczny \u2013 Ko-Relacje<\/li>\r\n<li>Trening interpersonalny \u2013 INTRA, Krzysztof Jedli\u0144ski<\/li>\r\n<li>Dokszta\u0142t z zakresu psychologii w trybie akademickim (Psychologia rozwoju cz\u0142owieka, Teorie osobowo\u015bci, Psychopatologia)<\/li>\r\n<\/ul>\r\n<!-- \/wp:post-content -->\r\n\r\n<!-- wp:heading {\"style\":{\"elements\":{\"link\":{\"color\":{\"text\":\"var:preset|color|ast-global-color-2\"}}}},\"textColor\":\"ast-global-color-2\"} -->\r\n<h2 id=\"certyfikaty\" class=\"wp-block-heading has-ast-global-color-2-color has-text-color has-link-color\">Certyfikaty Psychoterapeuty Gestalt<\/h2>\r\n<p>\u00a0 \u00a0 \u00a0certyfikat Polskiego Towarzystwa Psychoterapii Gestalt (PTPG)<\/p>\r\n<p><img loading=\"lazy\" decoding=\"async\" class=\"alignnone wp-image-4944 size-large\" src=\"https:\/\/naszerelacje.pl\/wp-content\/uploads\/2026\/03\/Dyplom-Psychoterapeuta-Gestalt-PTPG2-1024x697.webp\" alt=\"Dyplom Psychoterapeuta Gestalt PTPG\" width=\"1024\" height=\"697\" srcset=\"https:\/\/naszerelacje.pl\/wp-content\/uploads\/2026\/03\/Dyplom-Psychoterapeuta-Gestalt-PTPG2-1024x697.webp 1024w, https:\/\/naszerelacje.pl\/wp-content\/uploads\/2026\/03\/Dyplom-Psychoterapeuta-Gestalt-PTPG2-300x204.webp 300w, https:\/\/naszerelacje.pl\/wp-content\/uploads\/2026\/03\/Dyplom-Psychoterapeuta-Gestalt-PTPG2-768x523.webp 768w, https:\/\/naszerelacje.pl\/wp-content\/uploads\/2026\/03\/Dyplom-Psychoterapeuta-Gestalt-PTPG2.webp 1160w\" sizes=\"auto, (max-width: 1024px) 100vw, 1024px\" \/><\/p>\r\n<p>\u00a0 \u00a0 \u00a0certyfikat European Association for Gestalt Therapy<\/p>\r\n<p><img loading=\"lazy\" decoding=\"async\" class=\"alignnone wp-image-3877 size-full\" src=\"https:\/\/naszerelacje.pl\/wp-content\/uploads\/2024\/03\/EAGT-certyfikat-23-3721-Rafal-Stolarek.webp\" alt=\"\" width=\"800\" height=\"565\" srcset=\"https:\/\/naszerelacje.pl\/wp-content\/uploads\/2024\/03\/EAGT-certyfikat-23-3721-Rafal-Stolarek.webp 800w, https:\/\/naszerelacje.pl\/wp-content\/uploads\/2024\/03\/EAGT-certyfikat-23-3721-Rafal-Stolarek-300x212.webp 300w, https:\/\/naszerelacje.pl\/wp-content\/uploads\/2024\/03\/EAGT-certyfikat-23-3721-Rafal-Stolarek-768x542.webp 768w\" sizes=\"auto, (max-width: 800px) 100vw, 800px\" \/><img loading=\"lazy\" decoding=\"async\" class=\"alignnone wp-image-3890 size-full\" src=\"https:\/\/naszerelacje.pl\/wp-content\/uploads\/2024\/03\/Rafal-Stolarek-certyfikat-Szkola-Gestalt.webp\" alt=\"Rafal Stolarek psychoterapeuta certyfikat Szkola-Gestalt\" width=\"707\" height=\"1000\" srcset=\"https:\/\/naszerelacje.pl\/wp-content\/uploads\/2024\/03\/Rafal-Stolarek-certyfikat-Szkola-Gestalt.webp 707w, https:\/\/naszerelacje.pl\/wp-content\/uploads\/2024\/03\/Rafal-Stolarek-certyfikat-Szkola-Gestalt-212x300.webp 212w\" sizes=\"auto, (max-width: 707px) 100vw, 707px\" \/><\/p>\r\n<p id=\"kontakt\" class=\"has-text-align-center\">Centrum Rozwoju Nasze Relacje<\/p>\r\n<p><!-- \/wp:heading -->\r\n\r\n<!-- wp:paragraph {\"align\":\"center\"} --><\/p>\r\n<p class=\"has-text-align-center\"><strong>\u017beromskiego 9A \/17, 05-500 Piaseczno<\/strong><\/p>\r\n<p><!-- \/wp:paragraph -->\r\n\r\n<!-- wp:paragraph {\"align\":\"center\"} --><\/p>\r\n<p class=\"has-text-align-center\"><strong>Telefon kontaktowy: 888-200-760<\/strong><\/p>\r\n<p><!-- \/wp:paragraph -->\r\n\r\n<!-- wp:paragraph {\"align\":\"center\"} --><\/p>\r\n<p class=\"has-text-align-center\"><strong>E-mail: kontakt@naszerelacje.pl<\/strong><\/p>\r\n<p><!-- \/wp:paragraph -->\r\n\r\n<!-- wp:mailerlite\/form-block {\"form_id\":\"11\",\"forms\":[{\"label\":\"NTelLubEmail-WarsztatKomunikacjaDlaPar\",\"value\":\"15\"},{\"label\":\"TelLubEmail-Biznes\",\"value\":\"14\"},{\"label\":\"TelEmailWarsztatPewnoscSiebieForm\",\"value\":\"13\"},{\"label\":\"TelEmailDarmKonsultacjeForm\",\"value\":\"12\"},{\"label\":\"TelEmailTerapiaForm\",\"value\":\"11\"},{\"label\":\"PsychoterapiaMailingform\",\"value\":\"10\"},{\"label\":\"New custom signup form\",\"value\":\"8\"},{\"label\":\"ToksycznyZwiazekEmbeded\",\"value\":\"7\"},{\"label\":\"UdanyZwiazek22cechyFEmbeded\",\"value\":\"6\"},{\"label\":\"ZostawEmail\",\"value\":\"5\"},{\"label\":\"New embedded signup form\",\"value\":\"4\"},{\"label\":\"New embedded signup form\",\"value\":\"3\"},{\"label\":\"EbookGraniceFOsadzony\",\"value\":\"2\"},{\"label\":\"EbookGraniceFOsadzonyid_1\",\"value\":\"1\"}],\"selectedForm\":\"11\",\"loaded\":true,\"formsLink\":\"https:\/\/naszerelacje.pl\/wp-admin\/admin.php?page=mailerlite_main\",\"previewHTML\":\"\\n        \\u003cdiv style='position:relative;pointer-events:none;'\\u003e\\n            \\u003cdiv style='position: absolute;top:0;left:0;width:100%;height:100%;'\\u003e\\u003c\/div\\u003e\\n            \\u003ciframe style='z-index:1;width:100%;' src='https:\/\/naszerelacje.pl\/wp-admin\/admin-ajax.php?action=mailerlite_gutenberg_form_preview2\\u0026ml_nonce=6fd1f711f6\\u0026form_id=11'\\n                    onload=\\u0022mlResizeIframe(this)\\u0022\\u003e\\u003c\/iframe\\u003e\\n        \\u003c\/div\\u003e\\n\\n        \",\"editLink\":\"https:\/\/naszerelacje.pl\/wp-admin\/admin-ajax.php?action=mailerlite_redirect_to_form_edit\\u0026ml_nonce=0df3c55ada\\u0026form_id=11\\u0026platform=2\",\"previewStatus\":\"loaded\",\"lastUpdate\":1709471206} --><\/p>\r\n                <div class=\"ml-embedded\" data-form=\"DcUoSb\"><\/div>\n            \r\n<!-- \/wp:mailerlite\/form-block -->","protected":false},"excerpt":{"rendered":"<p>Cze\u015b\u0107! Nazywam si\u0119 Rafa\u0142 Stolarek i jestem certyfikowanym psychoterapeut\u0105 Gestalt (certyfikat EAGT, PTPG). Ciesz\u0119 si\u0119, \u017ce jeste\u015b na mojej stronie [&hellip;]<\/p>\n","protected":false},"author":1,"featured_media":0,"parent":0,"menu_order":0,"comment_status":"closed","ping_status":"closed","template":"","meta":{"site-sidebar-layout":"default","site-content-layout":"","ast-site-content-layout":"default","site-content-style":"default","site-sidebar-style":"default","ast-global-header-display":"","ast-banner-title-visibility":"","ast-main-header-display":"","ast-hfb-above-header-display":"","ast-hfb-below-header-display":"","ast-hfb-mobile-header-display":"","site-post-title":"","ast-breadcrumbs-content":"","ast-featured-img":"","footer-sml-layout":"","theme-transparent-header-meta":"default","adv-header-id-meta":"","stick-header-meta":"","header-above-stick-meta":"","header-main-stick-meta":"","header-below-stick-meta":"","astra-migrate-meta-layouts":"set","ast-page-background-enabled":"default","ast-page-background-meta":{"desktop":{"background-color":"var(--ast-global-color-4)","background-image":"","background-repeat":"repeat","background-position":"center center","background-size":"auto","background-attachment":"scroll","background-type":"","background-media":"","overlay-type":"","overlay-color":"","overlay-opacity":"","overlay-gradient":""},"tablet":{"background-color":"","background-image":"","background-repeat":"repeat","background-position":"center center","background-size":"auto","background-attachment":"scroll","background-type":"","background-media":"","overlay-type":"","overlay-color":"","overlay-opacity":"","overlay-gradient":""},"mobile":{"background-color":"","background-image":"","background-repeat":"repeat","background-position":"center center","background-size":"auto","background-attachment":"scroll","background-type":"","background-media":"","overlay-type":"","overlay-color":"","overlay-opacity":"","overlay-gradient":""}},"ast-content-background-meta":{"desktop":{"background-color":"var(--ast-global-color-5)","background-image":"","background-repeat":"repeat","background-position":"center center","background-size":"auto","background-attachment":"scroll","background-type":"","background-media":"","overlay-type":"","overlay-color":"","overlay-opacity":"","overlay-gradient":""},"tablet":{"background-color":"var(--ast-global-color-5)","background-image":"","background-repeat":"repeat","background-position":"center center","background-size":"auto","background-attachment":"scroll","background-type":"","background-media":"","overlay-type":"","overlay-color":"","overlay-opacity":"","overlay-gradient":""},"mobile":{"background-color":"var(--ast-global-color-5)","background-image":"","background-repeat":"repeat","background-position":"center center","background-size":"auto","background-attachment":"scroll","background-type":"","background-media":"","overlay-type":"","overlay-color":"","overlay-opacity":"","overlay-gradient":""}},"footnotes":"","_links_to":"","_links_to_target":""},"class_list":["post-18","page","type-page","status-publish","hentry"],"yoast_head":"<!-- This site is optimized with the Yoast SEO plugin v27.4 - https:\/\/yoast.com\/product\/yoast-seo-wordpress\/ -->\n<title>O mnie - Psychoterapia Gestalt Piaseczno &quot;Nasze Relacje&quot;<\/title>\n<meta name=\"description\" content=\"Oferuj\u0119 psychoterapi\u0119 indywidualn\u0105 oraz terapi\u0119 par - w gabinecie w Piasecznie oraz online. Pracuj\u0119 w nurcie Gestalt.\" \/>\n<meta name=\"robots\" content=\"index, follow, max-snippet:-1, max-image-preview:large, max-video-preview:-1\" \/>\n<link rel=\"canonical\" href=\"https:\/\/naszerelacje.pl\/index.php\/o-mnie\/\" \/>\n<meta property=\"og:locale\" content=\"pl_PL\" \/>\n<meta property=\"og:type\" content=\"article\" \/>\n<meta property=\"og:title\" content=\"O mnie - Psychoterapia Gestalt Piaseczno &quot;Nasze Relacje&quot;\" \/>\n<meta property=\"og:description\" content=\"Oferuj\u0119 psychoterapi\u0119 indywidualn\u0105 oraz terapi\u0119 par - w gabinecie w Piasecznie oraz online. Pracuj\u0119 w nurcie Gestalt.\" \/>\n<meta property=\"og:url\" content=\"https:\/\/naszerelacje.pl\/index.php\/o-mnie\/\" \/>\n<meta property=\"og:site_name\" content=\"Psychoterapia Gestalt Piaseczno &quot;Nasze Relacje&quot;\" \/>\n<meta property=\"article:modified_time\" content=\"2026-03-20T09:30:25+00:00\" \/>\n<meta property=\"og:image\" content=\"https:\/\/naszerelacje.pl\/wp-content\/uploads\/2024\/03\/Nasze-Relacje-O-mnie-Rafal-Stolarek-1b.webp\" \/>\n\t<meta property=\"og:image:width\" content=\"628\" \/>\n\t<meta property=\"og:image:height\" content=\"837\" \/>\n\t<meta property=\"og:image:type\" content=\"image\/webp\" \/>\n<meta name=\"twitter:card\" content=\"summary_large_image\" \/>\n<meta name=\"twitter:label1\" content=\"Szacowany czas czytania\" \/>\n\t<meta name=\"twitter:data1\" content=\"3 minuty\" \/>\n<script type=\"application\/ld+json\" class=\"yoast-schema-graph\">{\"@context\":\"https:\\\/\\\/schema.org\",\"@graph\":[{\"@type\":\"WebPage\",\"@id\":\"https:\\\/\\\/naszerelacje.pl\\\/index.php\\\/o-mnie\\\/\",\"url\":\"https:\\\/\\\/naszerelacje.pl\\\/index.php\\\/o-mnie\\\/\",\"name\":\"O mnie - Psychoterapia Gestalt Piaseczno &quot;Nasze Relacje&quot;\",\"isPartOf\":{\"@id\":\"https:\\\/\\\/naszerelacje.pl\\\/#website\"},\"primaryImageOfPage\":{\"@id\":\"https:\\\/\\\/naszerelacje.pl\\\/index.php\\\/o-mnie\\\/#primaryimage\"},\"image\":{\"@id\":\"https:\\\/\\\/naszerelacje.pl\\\/index.php\\\/o-mnie\\\/#primaryimage\"},\"thumbnailUrl\":\"https:\\\/\\\/naszerelacje.pl\\\/wp-content\\\/uploads\\\/2024\\\/03\\\/Nasze-Relacje-O-mnie-Rafal-Stolarek-1b-225x300.webp\",\"datePublished\":\"2018-06-30T10:35:29+00:00\",\"dateModified\":\"2026-03-20T09:30:25+00:00\",\"description\":\"Oferuj\u0119 psychoterapi\u0119 indywidualn\u0105 oraz terapi\u0119 par - w gabinecie w Piasecznie oraz online. Pracuj\u0119 w nurcie Gestalt.\",\"breadcrumb\":{\"@id\":\"https:\\\/\\\/naszerelacje.pl\\\/index.php\\\/o-mnie\\\/#breadcrumb\"},\"inLanguage\":\"pl-PL\",\"potentialAction\":[{\"@type\":\"ReadAction\",\"target\":[\"https:\\\/\\\/naszerelacje.pl\\\/index.php\\\/o-mnie\\\/\"]}]},{\"@type\":\"ImageObject\",\"inLanguage\":\"pl-PL\",\"@id\":\"https:\\\/\\\/naszerelacje.pl\\\/index.php\\\/o-mnie\\\/#primaryimage\",\"url\":\"https:\\\/\\\/naszerelacje.pl\\\/wp-content\\\/uploads\\\/2024\\\/03\\\/Nasze-Relacje-O-mnie-Rafal-Stolarek-1b.webp\",\"contentUrl\":\"https:\\\/\\\/naszerelacje.pl\\\/wp-content\\\/uploads\\\/2024\\\/03\\\/Nasze-Relacje-O-mnie-Rafal-Stolarek-1b.webp\",\"width\":628,\"height\":837,\"caption\":\"Nasze Relacje O mnie Rafa\u0142 Stolarek Psychoterapeuta Piaseczno\"},{\"@type\":\"BreadcrumbList\",\"@id\":\"https:\\\/\\\/naszerelacje.pl\\\/index.php\\\/o-mnie\\\/#breadcrumb\",\"itemListElement\":[{\"@type\":\"ListItem\",\"position\":1,\"name\":\"Strona g\u0142\u00f3wna\",\"item\":\"https:\\\/\\\/naszerelacje.pl\\\/\"},{\"@type\":\"ListItem\",\"position\":2,\"name\":\"O mnie\"}]},{\"@type\":\"WebSite\",\"@id\":\"https:\\\/\\\/naszerelacje.pl\\\/#website\",\"url\":\"https:\\\/\\\/naszerelacje.pl\\\/\",\"name\":\"Psychoterapia Gestalt Piaseczno &quot;Nasze Relacje&quot;\",\"description\":\"Psychoterapia Piaseczno - prowadzona w podej\u015bciu Gestalt - w Piasecznie i online\",\"publisher\":{\"@id\":\"https:\\\/\\\/naszerelacje.pl\\\/#\\\/schema\\\/person\\\/fc787e4f854cea7a1ee70801cedef96c\"},\"potentialAction\":[{\"@type\":\"SearchAction\",\"target\":{\"@type\":\"EntryPoint\",\"urlTemplate\":\"https:\\\/\\\/naszerelacje.pl\\\/?s={search_term_string}\"},\"query-input\":{\"@type\":\"PropertyValueSpecification\",\"valueRequired\":true,\"valueName\":\"search_term_string\"}}],\"inLanguage\":\"pl-PL\"},{\"@type\":[\"Person\",\"Organization\"],\"@id\":\"https:\\\/\\\/naszerelacje.pl\\\/#\\\/schema\\\/person\\\/fc787e4f854cea7a1ee70801cedef96c\",\"name\":\"Rafa\u0142 Stolarek\",\"image\":{\"@type\":\"ImageObject\",\"inLanguage\":\"pl-PL\",\"@id\":\"https:\\\/\\\/naszerelacje.pl\\\/wp-content\\\/uploads\\\/2018\\\/07\\\/MailerLiteEdited.jpeg\",\"url\":\"https:\\\/\\\/naszerelacje.pl\\\/wp-content\\\/uploads\\\/2018\\\/07\\\/MailerLiteEdited.jpeg\",\"contentUrl\":\"https:\\\/\\\/naszerelacje.pl\\\/wp-content\\\/uploads\\\/2018\\\/07\\\/MailerLiteEdited.jpeg\",\"width\":703,\"height\":800,\"caption\":\"Rafa\u0142 Stolarek\"},\"logo\":{\"@id\":\"https:\\\/\\\/naszerelacje.pl\\\/wp-content\\\/uploads\\\/2018\\\/07\\\/MailerLiteEdited.jpeg\"},\"sameAs\":[\"http:\\\/\\\/naszerelacje.pl\"]}]}<\/script>\n<!-- \/ Yoast SEO plugin. -->","yoast_head_json":{"title":"O mnie - Psychoterapia Gestalt Piaseczno &quot;Nasze Relacje&quot;","description":"Oferuj\u0119 psychoterapi\u0119 indywidualn\u0105 oraz terapi\u0119 par - w gabinecie w Piasecznie oraz online. Pracuj\u0119 w nurcie Gestalt.","robots":{"index":"index","follow":"follow","max-snippet":"max-snippet:-1","max-image-preview":"max-image-preview:large","max-video-preview":"max-video-preview:-1"},"canonical":"https:\/\/naszerelacje.pl\/index.php\/o-mnie\/","og_locale":"pl_PL","og_type":"article","og_title":"O mnie - Psychoterapia Gestalt Piaseczno &quot;Nasze Relacje&quot;","og_description":"Oferuj\u0119 psychoterapi\u0119 indywidualn\u0105 oraz terapi\u0119 par - w gabinecie w Piasecznie oraz online. Pracuj\u0119 w nurcie Gestalt.","og_url":"https:\/\/naszerelacje.pl\/index.php\/o-mnie\/","og_site_name":"Psychoterapia Gestalt Piaseczno &quot;Nasze Relacje&quot;","article_modified_time":"2026-03-20T09:30:25+00:00","og_image":[{"width":628,"height":837,"url":"https:\/\/naszerelacje.pl\/wp-content\/uploads\/2024\/03\/Nasze-Relacje-O-mnie-Rafal-Stolarek-1b.webp","type":"image\/webp"}],"twitter_card":"summary_large_image","twitter_misc":{"Szacowany czas czytania":"3 minuty"},"schema":{"@context":"https:\/\/schema.org","@graph":[{"@type":"WebPage","@id":"https:\/\/naszerelacje.pl\/index.php\/o-mnie\/","url":"https:\/\/naszerelacje.pl\/index.php\/o-mnie\/","name":"O mnie - Psychoterapia Gestalt Piaseczno &quot;Nasze Relacje&quot;","isPartOf":{"@id":"https:\/\/naszerelacje.pl\/#website"},"primaryImageOfPage":{"@id":"https:\/\/naszerelacje.pl\/index.php\/o-mnie\/#primaryimage"},"image":{"@id":"https:\/\/naszerelacje.pl\/index.php\/o-mnie\/#primaryimage"},"thumbnailUrl":"https:\/\/naszerelacje.pl\/wp-content\/uploads\/2024\/03\/Nasze-Relacje-O-mnie-Rafal-Stolarek-1b-225x300.webp","datePublished":"2018-06-30T10:35:29+00:00","dateModified":"2026-03-20T09:30:25+00:00","description":"Oferuj\u0119 psychoterapi\u0119 indywidualn\u0105 oraz terapi\u0119 par - w gabinecie w Piasecznie oraz online. Pracuj\u0119 w nurcie Gestalt.","breadcrumb":{"@id":"https:\/\/naszerelacje.pl\/index.php\/o-mnie\/#breadcrumb"},"inLanguage":"pl-PL","potentialAction":[{"@type":"ReadAction","target":["https:\/\/naszerelacje.pl\/index.php\/o-mnie\/"]}]},{"@type":"ImageObject","inLanguage":"pl-PL","@id":"https:\/\/naszerelacje.pl\/index.php\/o-mnie\/#primaryimage","url":"https:\/\/naszerelacje.pl\/wp-content\/uploads\/2024\/03\/Nasze-Relacje-O-mnie-Rafal-Stolarek-1b.webp","contentUrl":"https:\/\/naszerelacje.pl\/wp-content\/uploads\/2024\/03\/Nasze-Relacje-O-mnie-Rafal-Stolarek-1b.webp","width":628,"height":837,"caption":"Nasze Relacje O mnie Rafa\u0142 Stolarek Psychoterapeuta Piaseczno"},{"@type":"BreadcrumbList","@id":"https:\/\/naszerelacje.pl\/index.php\/o-mnie\/#breadcrumb","itemListElement":[{"@type":"ListItem","position":1,"name":"Strona g\u0142\u00f3wna","item":"https:\/\/naszerelacje.pl\/"},{"@type":"ListItem","position":2,"name":"O mnie"}]},{"@type":"WebSite","@id":"https:\/\/naszerelacje.pl\/#website","url":"https:\/\/naszerelacje.pl\/","name":"Psychoterapia Gestalt Piaseczno &quot;Nasze Relacje&quot;","description":"Psychoterapia Piaseczno - prowadzona w podej\u015bciu Gestalt - w Piasecznie i online","publisher":{"@id":"https:\/\/naszerelacje.pl\/#\/schema\/person\/fc787e4f854cea7a1ee70801cedef96c"},"potentialAction":[{"@type":"SearchAction","target":{"@type":"EntryPoint","urlTemplate":"https:\/\/naszerelacje.pl\/?s={search_term_string}"},"query-input":{"@type":"PropertyValueSpecification","valueRequired":true,"valueName":"search_term_string"}}],"inLanguage":"pl-PL"},{"@type":["Person","Organization"],"@id":"https:\/\/naszerelacje.pl\/#\/schema\/person\/fc787e4f854cea7a1ee70801cedef96c","name":"Rafa\u0142 Stolarek","image":{"@type":"ImageObject","inLanguage":"pl-PL","@id":"https:\/\/naszerelacje.pl\/wp-content\/uploads\/2018\/07\/MailerLiteEdited.jpeg","url":"https:\/\/naszerelacje.pl\/wp-content\/uploads\/2018\/07\/MailerLiteEdited.jpeg","contentUrl":"https:\/\/naszerelacje.pl\/wp-content\/uploads\/2018\/07\/MailerLiteEdited.jpeg","width":703,"height":800,"caption":"Rafa\u0142 Stolarek"},"logo":{"@id":"https:\/\/naszerelacje.pl\/wp-content\/uploads\/2018\/07\/MailerLiteEdited.jpeg"},"sameAs":["http:\/\/naszerelacje.pl"]}]}},"_links":{"self":[{"href":"https:\/\/naszerelacje.pl\/index.php\/wp-json\/wp\/v2\/pages\/18","targetHints":{"allow":["GET"]}}],"collection":[{"href":"https:\/\/naszerelacje.pl\/index.php\/wp-json\/wp\/v2\/pages"}],"about":[{"href":"https:\/\/naszerelacje.pl\/index.php\/wp-json\/wp\/v2\/types\/page"}],"author":[{"embeddable":true,"href":"https:\/\/naszerelacje.pl\/index.php\/wp-json\/wp\/v2\/users\/1"}],"replies":[{"embeddable":true,"href":"https:\/\/naszerelacje.pl\/index.php\/wp-json\/wp\/v2\/comments?post=18"}],"version-history":[{"count":71,"href":"https:\/\/naszerelacje.pl\/index.php\/wp-json\/wp\/v2\/pages\/18\/revisions"}],"predecessor-version":[{"id":4945,"href":"https:\/\/naszerelacje.pl\/index.php\/wp-json\/wp\/v2\/pages\/18\/revisions\/4945"}],"wp:attachment":[{"href":"https:\/\/naszerelacje.pl\/index.php\/wp-json\/wp\/v2\/media?parent=18"}],"curies":[{"name":"wp","href":"https:\/\/api.w.org\/{rel}","templated":true}]}}